{"id":153,"date":"2017-09-12T13:10:01","date_gmt":"2017-09-12T13:10:01","guid":{"rendered":"http:\/\/www.oetternbach.de\/?page_id=153"},"modified":"2019-11-06T14:03:25","modified_gmt":"2019-11-06T14:03:25","slug":"aktionsbuendnis-schuetzt-menschen-und-tiere-im-detmolder-westen-e-v","status":"publish","type":"page","link":"http:\/\/www.oetternbach.de\/?page_id=153","title":{"rendered":"Startseite"},"content":{"rendered":"<p><span style=\"color: #000000;\">Vor vierzig Jahren kaufte die Stadt Detmold zwei Grundst\u00fccke f\u00fcr Gewerbefl\u00e4chen, direkt am &#8222;Naturschutzgebiet (NSG) Oetternbach&#8220; (Foto). Eine dritte Ackerfl\u00e4che (im Privatbesitz), soll hinzukommen. Eine Fl\u00e4che von mehr als 18 Fu\u00dfballfeldern soll versiegelt und damit unwiederbringlich zerst\u00f6rt werden. Vor vierzig Jahren gab es weder Klimawandel, noch Insekten- und Artensterben (s.u. &#8222;Aktuelle &#8222;Krefelder Studie). Heute ist die Situation erschreckend anders. Deshalb muss die Stadt Detmold von ihren veralteten Pl\u00e4nen abr\u00fccken und die Natur erhalten. Das Aktionsb\u00fcndnis der D\u00f6rfer im Detmolder Westen setzt sich f\u00fcr den Artenschutz, den Erhalt von Ackerb\u00f6den, Wiesen und f\u00fcr das &#8222;NSG Oetternbach&#8220; ein.<\/span><\/p>\n","protected":false},"excerpt":{"rendered":"<p>Vor vierzig Jahren kaufte die Stadt Detmold zwei Grundst\u00fccke f\u00fcr Gewerbefl\u00e4chen, direkt am &#8222;Naturschutzgebiet (NSG) Oetternbach&#8220; (Foto). Eine dritte Ackerfl\u00e4che (im Privatbesitz), soll hinzukommen. Eine Fl\u00e4che von mehr als 18 Fu\u00dfballfeldern soll versiegelt und damit unwiederbringlich zerst\u00f6rt werden. Vor vierzig Jahren gab es weder Klimawandel, noch Insekten- und Artensterben (s.u. &#8222;Aktuelle &#8222;Krefelder Studie). Heute ist [&hellip;]<\/p>\n","protected":false},"author":2,"featured_media":0,"parent":0,"menu_order":0,"comment_status":"closed","ping_status":"closed","template":"page-templates\/front-page.php","meta":[],"_links":{"self":[{"href":"http:\/\/www.oetternbach.de\/index.php?rest_route=\/wp\/v2\/pages\/153"}],"collection":[{"href":"http:\/\/www.oetternbach.de\/index.php?rest_route=\/wp\/v2\/pages"}],"about":[{"href":"http:\/\/www.oetternbach.de\/index.php?rest_route=\/wp\/v2\/types\/page"}],"author":[{"embeddable":true,"href":"http:\/\/www.oetternbach.de\/index.php?rest_route=\/wp\/v2\/users\/2"}],"replies":[{"embeddable":true,"href":"http:\/\/www.oetternbach.de\/index.php?rest_route=%2Fwp%2Fv2%2Fcomments&post=153"}],"version-history":[{"count":11,"href":"http:\/\/www.oetternbach.de\/index.php?rest_route=\/wp\/v2\/pages\/153\/revisions"}],"predecessor-version":[{"id":1452,"href":"http:\/\/www.oetternbach.de\/index.php?rest_route=\/wp\/v2\/pages\/153\/revisions\/1452"}],"wp:attachment":[{"href":"http:\/\/www.oetternbach.de\/index.php?rest_route=%2Fwp%2Fv2%2Fmedia&parent=153"}],"curies":[{"name":"wp","href":"https:\/\/api.w.org\/{rel}","templated":true}]}}