{"id":1142,"date":"2019-04-22T14:21:34","date_gmt":"2019-04-22T14:21:34","guid":{"rendered":"http:\/\/www.oetternbach.de\/?page_id=1142"},"modified":"2019-11-06T13:23:33","modified_gmt":"2019-11-06T13:23:33","slug":"impressum","status":"publish","type":"page","link":"https:\/\/www.oetternbach.de\/?page_id=1142","title":{"rendered":"Impressum"},"content":{"rendered":"<p><span style=\"color: #000000;\"><strong>Verantwortlich:<\/strong><\/span><br \/>\n<span style=\"color: #000000;\">\u201eAktionsb\u00fcndnis: Sch\u00fctzt Menschen und Tiere im Detmolder Westen e.V\u201c<\/span><br \/>\n<span style=\"color: #000000;\"><strong>Helmut Kr\u00fcger<\/strong><\/span><br \/>\n<span style=\"color: #000000;\"><strong>Holzkamp 8a<\/strong><\/span><br \/>\n<strong><span style=\"color: #000000;\">32758 Detmold \u00a0 \u00a0<\/span> \u00a0 \u00a0 \u00a0 \u00a0 \u00a0 \u00a0 \u00a0 \u00a0 \u00a0 \u00a0 \u00a0 \u00a0 \u00a0 \u00a0 \u00a0 \u00a0 \u00a0 \u00a0 \u00a0 \u00a0 \u00a0 \u00a0 \u00a0 \u00a0 \u00a0 \u00a0 \u00a0 \u00a0 \u00a0 \u00a0 \u00a0 \u00a0 \u00a0 \u00a0 \u00a0<\/strong><\/p>\n<p><span style=\"color: #000000;\"><strong>Kontakt:<\/strong><\/span><br \/>\n<span style=\"color: #000000;\">Telefon: 0151 22138430<\/span><br \/>\n<span style=\"color: #000000;\">E-Mail<\/span>:<a href=\"mailto:info@oetternbach.de\">\u00a0<span style=\"color: #0000ff;\">info@oetternbach.de<\/span><\/a><\/p>\n<p>Rechtliche Hinweise (erstellt nach Juraformu.de)<br \/>\n<strong>\u00a7 1 Haftungsbeschr\u00e4nkung<\/strong><br \/>\nDie Inhalte der Website sind sorgf\u00e4ltig erstellt. Der Anbieter \u00fcbernimmt jedoch keine Gew\u00e4hr f\u00fcr die Richtigkeit, Vollst\u00e4ndigkeit und Aktualit\u00e4t der bereitgestellten Themen. Der Nutzer nutzt die Website auf eigene Gefahr. Namentlich gekennzeichnete Beitr\u00e4ge geben die Meinung des jeweiligen Autors und nicht immer die Meinung des Anbieters wieder. Mit der reinen Nutzung der Website kommt keinerlei Vertragsverh\u00e4ltnis zwischen dem Nutzer und dem Anbieter zustande.<br \/>\n<strong>\u00a7 2 Externe Links<\/strong><br \/>\nDiese Website enth\u00e4lt \u201eexterne Links\u201c, die der Haftung der jeweiligen Betreiber unterliegen. Der Anbieter \u00fcberpr\u00fcft bei der erstmaligen Verkn\u00fcpfung der externen Links deren Inhalte auf etwaige Rechtsverst\u00f6\u00dfe. Eine st\u00e4ndige Kontrolle der Links ist f\u00fcr den Anbieter nicht zumutbar. Bei Hinweisen oder Kenntnis von Rechtsverst\u00f6\u00dfen werden entsprechende Links unverz\u00fcglich gel\u00f6scht. Der Anbieter hat keinen Einfluss auf die aktuelle und zuk\u00fcnftige Gestaltung und auf die Inhalte der Links, zudem macht er sich die Inhalte nicht zu Eigen.<br \/>\n<strong>\u00a7 3 Urheber- und Leistungsschutzrechte<\/strong><br \/>\nDie auf dieser Website ver\u00f6ffentlichten Inhalte unterliegen dem deutschen Urheber- und Leistungsschutzrecht. Jede vom deutschen Urheber- und Leistungsschutzrecht nicht zugelassene Verwertung bedarf der vorherigen schriftlichen Zustimmung des Anbieters. Dies gilt besonders f\u00fcr Vervielf\u00e4ltigung, Bearbeitung, \u00dcbersetzung, Einspeicherung, Verarbeitung bzw. Wiedergabe von Inhalten in Datenbanken oder anderen elektronischen Medien und Systemen. Inhalte und Rechte Dritter sind dabei als solche gekennzeichnet. Kopien und Downloads f\u00fcr den pers\u00f6nlichen, privaten und nicht kommerziellen Gebrauch sind erlaubt.<br \/>\n<strong>\u00a7 4 Hochgeladene Inhalte<\/strong><br \/>\nMit dem Hochladen eigener Inhalte (Text, Bilder, Videos) berechtigt der Nutzer von der Website &#8222;Oetternbach.de\u201c den Betreiber der Homepage unentgeltlich, die hochgeladenen Daten unbegrenzt zu speichern und zu ver\u00f6ffentlichen. Kopien und Downloads f\u00fcr den pers\u00f6nlichen, privaten und nicht kommerziellen Gebrauch sind mit dem Hochladen erlaubt. Hochgeladene Texte d\u00fcrfen redaktionell angepasst werden. Die Darstellung dieser Website in fremden Frames ist nur mit schriftlicher Erlaubnis zul\u00e4ssig.<br \/>\n<strong>Datenschutzerkl\u00e4rung und Hinweise<\/strong><br \/>\nGrundlage sind die Europ\u00e4ischen Richtlinien- und Verordnungen beim Erlass der Datenschutz-Grundverordnung (DS-GVO), die in allen EU-Mitgliedstaaten ab dem 25. Mai 2018 g\u00fcltig ist. Die DS-GVO soll den Schutz personenbezogener Daten innerhalb der Europ\u00e4ischen Union sicherstellen und den freien Datenverkehr innerhalb des Europ\u00e4ischen Binnenmarktes gew\u00e4hrleistet. Auf dieser Website werden pers\u00f6nliche Daten in dem Umfang erhoben wie sie von den Nutzern dieser Website selbst mitgeteilt wurden. Die Betreiber der Website geben keine Daten an Dritte weiter oder verwenden sie zu Werbezweck. Die Website ist eigenst\u00e4ndig und in keinerlei Weise abh\u00e4ngig von Vereinen, Parteien, kommerziellen Unternehmen oder sonstigen Sponsoren.<br \/>\n<strong>\u2022 Kommentarfunktion:<\/strong> Personenbezogene Daten (z.B. Name, E-Mail) im Rahmen von erstellten Kommentaren zu einem Beitrag werden in dem Umfang erhoben, wie Sie ihn selbst mitgeteilt haben.<br \/>\n<strong>\u2022 Kommentare freischalten:<\/strong> Der Administrator gibt verfasste Kommentare in der Regel in ein bis zwei Tagen frei.<br \/>\n<strong>\u2022 Gespeicherte oder ver\u00f6ffentlichte Daten:<\/strong> Bei der Ver\u00f6ffentlichung eines Kommentars wird die von Ihnen angegebene Email-Adresse gespeichert, aber nicht ver\u00f6ffentlicht. Ihr Name wird ver\u00f6ffentlich, wenn Sie nicht unter Pseudonym geschrieben haben. (Pseudonym ist erlaubt!)<\/p>\n","protected":false},"excerpt":{"rendered":"<p>Verantwortlich: \u201eAktionsb\u00fcndnis: Sch\u00fctzt Menschen und Tiere im Detmolder Westen e.V\u201c Helmut Kr\u00fcger Holzkamp 8a 32758 Detmold \u00a0 \u00a0 \u00a0 \u00a0 \u00a0 \u00a0 \u00a0 \u00a0 \u00a0 \u00a0 \u00a0 \u00a0 \u00a0 \u00a0 \u00a0 \u00a0 \u00a0 \u00a0 \u00a0 \u00a0 \u00a0 \u00a0 \u00a0 \u00a0 \u00a0 \u00a0 \u00a0 \u00a0 \u00a0 \u00a0 \u00a0 \u00a0 \u00a0 \u00a0 \u00a0 \u00a0 \u00a0 Kontakt: Telefon: [&hellip;]<\/p>\n","protected":false},"author":1,"featured_media":0,"parent":0,"menu_order":0,"comment_status":"closed","ping_status":"closed","template":"","meta":[],"_links":{"self":[{"href":"https:\/\/www.oetternbach.de\/index.php?rest_route=\/wp\/v2\/pages\/1142"}],"collection":[{"href":"https:\/\/www.oetternbach.de\/index.php?rest_route=\/wp\/v2\/pages"}],"about":[{"href":"https:\/\/www.oetternbach.de\/index.php?rest_route=\/wp\/v2\/types\/page"}],"author":[{"embeddable":true,"href":"https:\/\/www.oetternbach.de\/index.php?rest_route=\/wp\/v2\/users\/1"}],"replies":[{"embeddable":true,"href":"https:\/\/www.oetternbach.de\/index.php?rest_route=%2Fwp%2Fv2%2Fcomments&post=1142"}],"version-history":[{"count":10,"href":"https:\/\/www.oetternbach.de\/index.php?rest_route=\/wp\/v2\/pages\/1142\/revisions"}],"predecessor-version":[{"id":1439,"href":"https:\/\/www.oetternbach.de\/index.php?rest_route=\/wp\/v2\/pages\/1142\/revisions\/1439"}],"wp:attachment":[{"href":"https:\/\/www.oetternbach.de\/index.php?rest_route=%2Fwp%2Fv2%2Fmedia&parent=1142"}],"curies":[{"name":"wp","href":"https:\/\/api.w.org\/{rel}","templated":true}]}}