{"id":1186,"date":"2019-04-26T20:26:27","date_gmt":"2019-04-26T20:26:27","guid":{"rendered":"http:\/\/www.oetternbach.de\/?page_id=1186"},"modified":"2021-04-07T16:50:44","modified_gmt":"2021-04-07T16:50:44","slug":"der-vorstand","status":"publish","type":"page","link":"https:\/\/www.oetternbach.de\/?page_id=1186","title":{"rendered":"Der Vorstand"},"content":{"rendered":"<p><a href=\"http:\/\/www.oetternbach.de\/?attachment_id=1182\" rel=\"attachment wp-att-1182\"><img loading=\"lazy\" class=\"alignnone size-large wp-image-1182\" src=\"http:\/\/oetternbach.de\/wp-content\/uploads\/2019\/04\/DSC00964-1024x683.jpg\" alt=\"\" width=\"625\" height=\"417\" srcset=\"https:\/\/www.oetternbach.de\/wp-content\/uploads\/2019\/04\/DSC00964-1024x683.jpg 1024w, https:\/\/www.oetternbach.de\/wp-content\/uploads\/2019\/04\/DSC00964-300x200.jpg 300w, https:\/\/www.oetternbach.de\/wp-content\/uploads\/2019\/04\/DSC00964-768x512.jpg 768w, https:\/\/www.oetternbach.de\/wp-content\/uploads\/2019\/04\/DSC00964-624x416.jpg 624w\" sizes=\"(max-width: 625px) 100vw, 625px\" \/><\/a><\/p>\n<p><span style=\"color: #000000;\">Das Aktionsb\u00fcndnis hat f\u00fcnf Vorstandsmitglieder von li.:\u00a0<strong>Helmut Kr\u00fcger<\/strong>, 1. Vorsitzende; <span style=\"text-align: left; text-transform: none; line-height: 23.99px; text-indent: 0px; letter-spacing: normal; font-family: 'Open Sans',Helvetica,Arial,sans-serif; font-size: 14px; font-style: normal; font-variant: normal; text-decoration: none; word-spacing: 0px; display: inline !important; white-space: normal; orphans: 2; float: none; -webkit-text-stroke-width: 0px; background-color: transparent;\"><strong>Cornelius M\u00e4rz<\/strong>, <\/span>Pressesprecher; <span style=\"text-align: left; text-transform: none; line-height: 23.99px; text-indent: 0px; letter-spacing: normal; font-size: 14px; font-style: normal; font-variant: normal; text-decoration: none; word-spacing: 0px; display: inline; white-space: normal; orphans: 2; float: none; -webkit-text-stroke-width: 0px; background-color: transparent;\"><strong>Claudia M\u00e4rz<\/strong>, Ka<\/span>ssenwartin;\u00a0 <span style=\"font: 400 14px\/23.99px 'Open Sans',Helvetica,Arial,sans-serif; text-align: left; text-transform: none; text-indent: 0px; letter-spacing: normal; text-decoration: none; word-spacing: 0px; display: inline !important; white-space: normal; orphans: 2; float: none; -webkit-text-stroke-width: 0px; background-color: transparent;\"><strong>Annegret Pivit<\/strong>, <\/span>Schriftf\u00fchrerin; <strong><span style=\"text-align: left; text-transform: none; line-height: 23.99px; text-indent: 0px; letter-spacing: normal; font-family: 'Open Sans',Helvetica,Arial,sans-serif; font-size: 14px; font-style: normal; font-variant: normal; text-decoration: none; word-spacing: 0px; display: inline !important; white-space: normal; orphans: 2; float: none; -webkit-text-stroke-width: 0px; background-color: transparent;\">Michael <\/span><\/strong><span style=\"font: 400 14px\/23.99px 'Open Sans',Helvetica,Arial,sans-serif; text-align: left; text-transform: none; text-indent: 0px; letter-spacing: normal; text-decoration: none; word-spacing: 0px; display: inline !important; white-space: normal; orphans: 2; float: none; -webkit-text-stroke-width: 0px; background-color: transparent;\"><strong>Kloppenburg<\/strong>, <\/span>2. Vorsitzende<\/span><\/p>\n<ul>\n<li><span style=\"color: #000000;\"><strong>E-Mail:<\/strong>\u00a0<\/span><span style=\"color: #333399;\"><a style=\"color: #333399;\" href=\"mailto:info@oetternbach.de\">mailto:info@oetternbach.de<\/a><\/span><\/li>\n<li><span style=\"color: #000000;\"><strong>Telefon:<\/strong><\/span> <span style=\"color: #000000;\">05231\/6154905<\/span><\/li>\n<li><span style=\"color: #000000;\"><strong>Mitglied werden:<\/strong>\u00a0<span style=\"color: #333399;\"><a style=\"color: #333399;\" href=\"http:\/\/oetternbach.de\/wp-content\/uploads\/2019\/04\/Aufnahmeantrag_Verein_20190424.pdf\">Aufnahmeantrag_Verein_20190424<\/a><\/span><\/span><\/li>\n<\/ul>\n<p>&nbsp;<\/p>\n","protected":false},"excerpt":{"rendered":"<p>Das Aktionsb\u00fcndnis hat f\u00fcnf Vorstandsmitglieder von li.:\u00a0Helmut Kr\u00fcger, 1. Vorsitzende; Cornelius M\u00e4rz, Pressesprecher; Claudia M\u00e4rz, Kassenwartin;\u00a0 Annegret Pivit, Schriftf\u00fchrerin; Michael Kloppenburg, 2. Vorsitzende E-Mail:\u00a0mailto:info@oetternbach.de Telefon: 05231\/6154905 Mitglied werden:\u00a0Aufnahmeantrag_Verein_20190424 &nbsp;<\/p>\n","protected":false},"author":1,"featured_media":0,"parent":0,"menu_order":0,"comment_status":"closed","ping_status":"closed","template":"","meta":[],"_links":{"self":[{"href":"https:\/\/www.oetternbach.de\/index.php?rest_route=\/wp\/v2\/pages\/1186"}],"collection":[{"href":"https:\/\/www.oetternbach.de\/index.php?rest_route=\/wp\/v2\/pages"}],"about":[{"href":"https:\/\/www.oetternbach.de\/index.php?rest_route=\/wp\/v2\/types\/page"}],"author":[{"embeddable":true,"href":"https:\/\/www.oetternbach.de\/index.php?rest_route=\/wp\/v2\/users\/1"}],"replies":[{"embeddable":true,"href":"https:\/\/www.oetternbach.de\/index.php?rest_route=%2Fwp%2Fv2%2Fcomments&post=1186"}],"version-history":[{"count":10,"href":"https:\/\/www.oetternbach.de\/index.php?rest_route=\/wp\/v2\/pages\/1186\/revisions"}],"predecessor-version":[{"id":1883,"href":"https:\/\/www.oetternbach.de\/index.php?rest_route=\/wp\/v2\/pages\/1186\/revisions\/1883"}],"wp:attachment":[{"href":"https:\/\/www.oetternbach.de\/index.php?rest_route=%2Fwp%2Fv2%2Fmedia&parent=1186"}],"curies":[{"name":"wp","href":"https:\/\/api.w.org\/{rel}","templated":true}]}}