{"id":175,"date":"2017-09-12T09:34:44","date_gmt":"2017-09-12T09:34:44","guid":{"rendered":"http:\/\/www.oetternbach.de\/?page_id=175"},"modified":"2022-10-28T16:18:32","modified_gmt":"2022-10-28T16:18:32","slug":"mitglied-werden-spenden","status":"publish","type":"page","link":"https:\/\/www.oetternbach.de\/?page_id=175","title":{"rendered":"Mitglied werden \/ Spenden"},"content":{"rendered":"<h1 style=\"text-align: center;\"><span style=\"color: #000000;\"><strong>Werden Sie Mitglied<\/strong><\/span><\/h1>\n<p><span style=\"color: #008000;\"><strong>&#8222;Aktionsb\u00fcndnis: Sch\u00fctzt Menschen und Tiere im Detmolder Westen e.V.&#8220;\u00a0<\/strong><\/span><span style=\"color: #000000;\"><span style=\"color: #444444; font-size: 1rem;\">Kurz: &#8222;Aktionsb\u00fcndnis: Detmolder Westen&#8220;.\u00a0<\/span>Gr\u00fcndung: 11. Oktober 2016; anerkannter,\u00a0gemeinn\u00fctzig, eingetragener Verein: seit\u00a0<\/span><span style=\"color: #000000; font-size: 1rem;\">Juni 2018.<\/span><\/p>\n<p><span style=\"color: #000000;\"><span style=\"color: #000000;\">Das B\u00fcndnis\u00a0<\/span><span style=\"font-size: 1rem;\">der Detmolder Westd\u00f6rfer: Nienhagen, Heiden, Niewald, Oettern-Bremke, Jerxen-Orbke\u00a0\u00a0<\/span><\/span><span style=\"color: #000000; font-size: 1rem;\">protestiert s<\/span><span style=\"color: #000000; font-size: 1rem;\">eit 2013\u00a0<\/span><span style=\"color: #000000; font-size: 1rem;\">gegen den Fl\u00e4chenverbrauch und\u00a0<\/span><span style=\"font-size: 1rem; color: #000000;\">setzt sich f\u00fcr die F\u00f6rderung des Landschafts- und Umweltschutzes sowie f\u00fcr den Erhalt von Naturschutzgebieten ein.\u00a0<\/span><span style=\"font-size: 1rem; color: #000000;\">Die Anwohner wollen Naherholung, Ackerfl\u00e4chen, Naturschutzgebiete\u00a0<\/span><span style=\"color: #000000; font-size: 1rem;\">bzw. -fl\u00e4chen<\/span><span style=\"color: #000000; font-size: 1rem;\">\u00a0erhalten.\u00a0<\/span><\/p>\n<p><span style=\"color: #000000;\">Nach &#8222;\u00a7 4 Mitgliedschaft&#8220; der Satzung kann jede Person Mitglied des Vereins werden, die das 16. Lebensjahr vollendet hat. Der Wohnsitz muss nicht in Jerxen-Orbke sein. \u00dcber den formlosen schriftlichen Beitritt entscheidet der Gesamtvorstand. Minderj\u00e4hrige m\u00fcssen die Zustimmung ihres\/ihrer gesetzlichen Vertreter\/s beif\u00fcgen.<\/span><\/p>\n<p style=\"text-align: center;\"><span style=\"color: #000000;\"><strong>Werden Sie aktiv, die Natur braucht ihre Hilfe!\u00a0<\/strong><\/span><\/p>\n<p style=\"text-align: center;\"><strong><span style=\"color: #333333;\">\u00a0<\/span><\/strong><a href=\"http:\/\/oetternbach.de\/wp-content\/uploads\/2017\/12\/P1120874.jpg\"><img loading=\"lazy\" class=\"alignnone wp-image-439\" title=\"Pfauenauge: Nahrungsquellen als Rauben ausschlie\u00dflich Brennnesseln. Als Falter im Fr\u00fchjahr: Weiden, Huflattich, Schlehen, Pflaumen und L\u00f6wenzahn. Im Sommer: rote und blauviolette Bl\u00fcten, z.B. Disteln, Wasserdost, Flockenblumen, Klee und Luzerne. Im Herbst: Astern, Efeu, Tagetes (Foto), Fallobst und Fr\u00fcchte am Baum vor allem \u00c4pfel, Birnen. (Foto: A. Heuwinkel-Otter)\" src=\"http:\/\/oetternbach.de\/wp-content\/uploads\/2017\/12\/P1120874-1024x769.jpg\" alt=\"\" width=\"475\" height=\"357\" srcset=\"https:\/\/www.oetternbach.de\/wp-content\/uploads\/2017\/12\/P1120874-1024x769.jpg 1024w, https:\/\/www.oetternbach.de\/wp-content\/uploads\/2017\/12\/P1120874-300x225.jpg 300w, https:\/\/www.oetternbach.de\/wp-content\/uploads\/2017\/12\/P1120874-768x577.jpg 768w, https:\/\/www.oetternbach.de\/wp-content\/uploads\/2017\/12\/P1120874-624x468.jpg 624w\" sizes=\"(max-width: 475px) 100vw, 475px\" \/><\/a><\/p>\n<p>\u00a0 \u00a0<strong><span style=\"color: #000000;\">Jahresbeitrag\u00a0<\/span><\/strong><span style=\"color: #000000; font-size: 1rem;\">f\u00fcr die Mitgliedschaft<\/span><span style=\"color: #000000; font-size: 1rem;\">:<\/span><\/p>\n<ul>\n<li><span style=\"color: #000000;\">Erwachsene: 60,00 \u20ac.<\/span><\/li>\n<li><span style=\"color: #000000; font-size: 1rem;\">Auszubildende, Sch\u00fcler, Studenten\u00a0<\/span><span style=\"color: #000000; font-size: 1rem;\">6,00 \u20ac <\/span><\/li>\n<li><span style=\"color: #000000; font-size: 1rem;\">Rentner\u00a0<\/span><span style=\"color: #000000; font-size: 1rem;\">30,00 \u20ac<\/span><\/li>\n<\/ul>\n<p><span style=\"color: #000000; font-size: 1rem;\"><strong>Aufnahmeantrag<\/strong>: \u00d6ffnen\/Herunterladen, Ausdrucken, ausf\u00fcllen, unterschreiben, per E-Mail oder Post an den 1. Vorsitzenden senden:<br \/>\n<\/span><a href=\"http:\/\/www.oetternbach.de\/wp-content\/uploads\/2022\/10\/ANTRAG-Mitgliedschaft-im-Aktionsbuendnis-mit-SEPA-Lastschrift-Stand-2022.pdf\">ANTRAG Mitgliedschaft im Aktionsb\u00fcndnis mit SEPA Lastschrift &#8211; Stand 2022<\/a><\/p>\n<p><strong><span style=\"color: #008000;\">&#8222;Aktionsb\u00fcndnis: Sch\u00fctzt Menschen und Tiere im Detmolder Westen e.V.&#8220;<\/span><\/strong><br \/>\n<span style=\"color: #000000;\">Helmut Kr\u00fcger,\u00a0<\/span><span style=\"color: #000000;\">1. Vorsitzender,\u00a0<\/span><span style=\"color: #000000;\">Holzkamp 8a, 32758 Detmold;\u00a0<\/span><span style=\"color: #000000;\">E-Mail:\u00a0<\/span><a style=\"font-size: 1rem;\" href=\"mailto:info@oetternbach.de\" rel=\"noopener\"><span style=\"color: #000000;\">i<\/span>nfo@oetternbach.de<\/a><\/p>\n<p>F\u00fcr Fragen einfach anrufen,\u00a0<span style=\"color: #000000;\">Telefon: 05231 \/ 6154905<\/span><\/p>\n<h1 style=\"text-align: center;\">\u00a0<span style=\"color: #000000;\"><strong>Spenden helfen<\/strong><\/span><\/h1>\n<p style=\"text-align: center;\"><strong><span style=\"color: #008000;\">&#8222;Aktionsb\u00fcndnis: Sch\u00fctzt Menschen und Tiere im Detmolder Westen e.V.&#8220;<\/span><\/strong><br \/>\n<span style=\"color: #000000;\">Sparkasse Paderborn-Detmold<\/span><br \/>\n<span style=\"color: #000000;\">IBAN: DE 96 4765 0130 1010 0760 97<\/span><br \/>\n<span style=\"color: #000000;\">BIC: WELADE3LXXX<\/span><\/p>\n<p style=\"text-align: center;\"><span style=\"color: #000000;\"><strong>Spenden steuerlich geltend machen.\u00a0Das Aktionsb\u00fcndnis ist gemeinn\u00fctzig.<\/strong><\/span><\/p>\n<h2 style=\"text-align: center;\"><span style=\"color: #000000;\">Unser Dank: &#8222;Jerxen-Orbker-Sockenbaum&#8220;<\/span><\/h2>\n<div id=\"attachment_430\" style=\"width: 635px\" class=\"wp-caption alignnone\"><a href=\"http:\/\/oetternbach.de\/wp-content\/uploads\/2017\/12\/L1010252.jpg\"><img aria-describedby=\"caption-attachment-430\" loading=\"lazy\" class=\"size-large wp-image-430\" src=\"http:\/\/oetternbach.de\/wp-content\/uploads\/2017\/12\/L1010252-1024x576.jpg\" alt=\"\" width=\"625\" height=\"352\" srcset=\"https:\/\/www.oetternbach.de\/wp-content\/uploads\/2017\/12\/L1010252-1024x576.jpg 1024w, https:\/\/www.oetternbach.de\/wp-content\/uploads\/2017\/12\/L1010252-300x169.jpg 300w, https:\/\/www.oetternbach.de\/wp-content\/uploads\/2017\/12\/L1010252-768x432.jpg 768w, https:\/\/www.oetternbach.de\/wp-content\/uploads\/2017\/12\/L1010252-624x351.jpg 624w\" sizes=\"(max-width: 625px) 100vw, 625px\" \/><\/a><p id=\"caption-attachment-430\" class=\"wp-caption-text\">Jerxen-Orbker-Sockenbaum: Spenden, Aussuchen, Anziehen, Wohlf\u00fchlen<\/p><\/div>\n<p><span style=\"color: #000000;\">Handgestrickte Wollsocken von Magdalena. Unerm\u00fcdlich engagiert. 2016 demonstrierte Sie zum ersten Mal in ihrem Leben: &#8220; Ich habe meine Leben gelebt, aber im Sinne der nachfolgenden Generationen, muss eigentlich jeder f\u00fcr den Erhalt unserer Umwelt eintreten, egal wie alt man ist.&#8220;<\/span><\/p>\n<p><span style=\"color: #ff0000;\"><strong>! Ihre Socken, so geht es:\u00a0<\/strong><\/span><\/p>\n<p><span style=\"color: #000000;\">Nennen Sie uns bitte ihre <strong>Postanschrift<\/strong>, die gew\u00fcnschte <strong>Schuhgr\u00f6\u00dfe<\/strong> und ihre <strong>Vorstellung<\/strong>: bunt gemustert, geringelt, gedeckte oder kr\u00e4ftige Farben. Sie erhalten das Socken-P\u00e4ckchen umgehend mit der Post. Schreiben Sie an unsere E-Mail-Adresse: <a href=\"mailto:info@oetternbach.de\"><strong>info@oetternbach.de <\/strong><\/a>oder rufen Sie uns an: <strong>05231 \/ 6154905 (AB)<\/strong><\/span><\/p>\n<p style=\"text-align: center;\"><span style=\"color: #000000;\"><strong>Wir alle m\u00fcssen etwas tun! <\/strong><\/span><\/p>\n<p><span style=\"color: #000000;\"><strong>Hier sind Fakten:<\/strong> 18.10.2017 Krefelder Studie:<strong> 75% aller fliegenden Insekten in deutschen Naturschutzgebieten sind vernichtet<\/strong>. Diese Nachricht, in aller Munde, ist dramatisch, da die Untersuchungen \u00fcber 27 Jahre hinweg in Naturschutzgebieten erfolgten. Das hei\u00dft: Unsere Naturschutzgebiete sind und waren in den vergangen Jahrzehnten nicht gen\u00fcgend gesch\u00fctzt. Verantwortlich ist der Mensch durch Autos, Fabriken, intensive Landwirtschaft, Pestizide, Massentierhaltung, Vernichtung von Naturfl\u00e4chen durch Bebauung. Die Forscher prognostizieren einen rasant fortschreitenden Artenschwund u.a. V\u00f6gel und Einbu\u00dfen bei der Nahrungsproduktion, da weltweit vermehrt Insekten zum Best\u00e4uben fehlen. Auch in Lippe sind die Umweltver\u00e4nderungen sp\u00fcrbar. Politisches Umdenken &#8211; leider nicht. Detmold vermehrt die Parkpl\u00e4tze in der Innenstadt, weitet Gewerbegebiete aus, trotz wissenschaftlicher Ergebnisse und r\u00fcckl\u00e4ufiger Bev\u00f6lkerungs- und Arbeitnehmerzahlen. <\/span><\/p>\n<p style=\"text-align: center;\"><strong><span style=\"color: #000000;\">Es ist Zeit dem &#8222;Weiter wie bisher&#8220; Einhalt zu gebieten.<\/span> <\/strong><\/p>\n<div id=\"attachment_432\" style=\"width: 635px\" class=\"wp-caption alignnone\"><a href=\"http:\/\/oetternbach.de\/wp-content\/uploads\/2017\/12\/P1080881.jpg\"><img aria-describedby=\"caption-attachment-432\" loading=\"lazy\" class=\"size-large wp-image-432\" src=\"http:\/\/oetternbach.de\/wp-content\/uploads\/2017\/12\/P1080881-1024x769.jpg\" alt=\"\" width=\"625\" height=\"469\" srcset=\"https:\/\/www.oetternbach.de\/wp-content\/uploads\/2017\/12\/P1080881-1024x769.jpg 1024w, https:\/\/www.oetternbach.de\/wp-content\/uploads\/2017\/12\/P1080881-300x225.jpg 300w, https:\/\/www.oetternbach.de\/wp-content\/uploads\/2017\/12\/P1080881-768x577.jpg 768w, https:\/\/www.oetternbach.de\/wp-content\/uploads\/2017\/12\/P1080881-624x469.jpg 624w\" sizes=\"(max-width: 625px) 100vw, 625px\" \/><\/a><p id=\"caption-attachment-432\" class=\"wp-caption-text\">&#8222;Aktiv werden&#8220;, nur so l\u00e4sst sich etwas ver\u00e4ndern<\/p><\/div>\n<h3 style=\"text-align: center;\"><\/h3>\n","protected":false},"excerpt":{"rendered":"<p>Werden Sie Mitglied &#8222;Aktionsb\u00fcndnis: Sch\u00fctzt Menschen und Tiere im Detmolder Westen e.V.&#8220;\u00a0Kurz: &#8222;Aktionsb\u00fcndnis: Detmolder Westen&#8220;.\u00a0Gr\u00fcndung: 11. Oktober 2016; anerkannter,\u00a0gemeinn\u00fctzig, eingetragener Verein: seit\u00a0Juni 2018. Das B\u00fcndnis\u00a0der Detmolder Westd\u00f6rfer: Nienhagen, Heiden, Niewald, Oettern-Bremke, Jerxen-Orbke\u00a0\u00a0protestiert seit 2013\u00a0gegen den Fl\u00e4chenverbrauch und\u00a0setzt sich f\u00fcr die F\u00f6rderung des Landschafts- und Umweltschutzes sowie f\u00fcr den Erhalt von Naturschutzgebieten ein.\u00a0Die Anwohner wollen Naherholung, [&hellip;]<\/p>\n","protected":false},"author":3,"featured_media":0,"parent":0,"menu_order":0,"comment_status":"closed","ping_status":"closed","template":"","meta":[],"_links":{"self":[{"href":"https:\/\/www.oetternbach.de\/index.php?rest_route=\/wp\/v2\/pages\/175"}],"collection":[{"href":"https:\/\/www.oetternbach.de\/index.php?rest_route=\/wp\/v2\/pages"}],"about":[{"href":"https:\/\/www.oetternbach.de\/index.php?rest_route=\/wp\/v2\/types\/page"}],"author":[{"embeddable":true,"href":"https:\/\/www.oetternbach.de\/index.php?rest_route=\/wp\/v2\/users\/3"}],"replies":[{"embeddable":true,"href":"https:\/\/www.oetternbach.de\/index.php?rest_route=%2Fwp%2Fv2%2Fcomments&post=175"}],"version-history":[{"count":31,"href":"https:\/\/www.oetternbach.de\/index.php?rest_route=\/wp\/v2\/pages\/175\/revisions"}],"predecessor-version":[{"id":2161,"href":"https:\/\/www.oetternbach.de\/index.php?rest_route=\/wp\/v2\/pages\/175\/revisions\/2161"}],"wp:attachment":[{"href":"https:\/\/www.oetternbach.de\/index.php?rest_route=%2Fwp%2Fv2%2Fmedia&parent=175"}],"curies":[{"name":"wp","href":"https:\/\/api.w.org\/{rel}","templated":true}]}}