{"id":26,"date":"2017-08-02T20:51:53","date_gmt":"2017-08-02T20:51:53","guid":{"rendered":"http:\/\/oetternbach.de\/?page_id=26"},"modified":"2019-11-06T13:43:06","modified_gmt":"2019-11-06T13:43:06","slug":"petition","status":"publish","type":"page","link":"https:\/\/www.oetternbach.de\/?page_id=26","title":{"rendered":"Petition unterzeichnen"},"content":{"rendered":"<h1><span style=\"color: #000000;\">Sch\u00fctzt das Naturschutzgebiet Oetternbach<\/span><\/h1>\n<h3><strong>Liebe Webside-Besucher bitte <\/strong><a href=\"https:\/\/www.change.org\/p\/b%C3%BCrgermeister-der-stadt-detmold-rainer-heller-sch%C3%BCtzt-menschen-und-tiere-im-detmolder-westen\">hier<\/a><strong>\u00a0anklicken\u00a0und die <\/strong><a href=\"https:\/\/www.change.org\/p\/b%C3%BCrgermeister-der-stadt-detmold-rainer-heller-sch%C3%BCtzt-menschen-und-tiere-im-detmolder-westen\"><strong>Petition\u00a0<\/strong><\/a><strong>unterzeichnen!<\/strong>!<\/h3>\n<p><span style=\"color: #000000;\">Mit Eurer Unterschrift k\u00f6nnt ihr viel bewirken:<\/span><\/p>\n<ul>\n<li><span style=\"color: #000000;\">Ihr setzt Euch zum Schutz f\u00fcr das NSG Oetternbach und damit f\u00fcr den Klimaschutz ein<\/span><\/li>\n<li><span style=\"color: #000000;\">Ihr sch\u00fctzt wertvolle Ackerfl\u00e4chen und unterst\u00fctzt so die regionale Lebensmittproduktion<\/span><\/li>\n<li><span style=\"color: #000000;\">Ihr unterst\u00fctzt den Erhalt der Artenvielfalt in der Region<\/span><\/li>\n<li><span style=\"color: #000000;\">Ihr besch\u00fctzt die Anwohner vor untragbaren Mehrbelastungen (L\u00e4rm, Luftverschmutzung) durch neue Gewerbefl\u00e4chen<\/span><\/li>\n<\/ul>\n<div class=\"petitioning-decision-makers-modal\" data-view-attached=\"true\" data-view=\"petitions\/components\/petitioning_decision_makers_modal\" data-primary_dm_link=\"\" data-num_other_dms=\"0\" data-whom=\"B\u00fcrgermeister der Stadt Detmold Rainer Heller\" data-primary_dm_title=\"\">\n<div class=\"js-dm-modal\"><span style=\"color: #000000;\">Die Petition richtet sich an <span class=\"link link-subtle\"> B\u00fcrgermeister der Stadt Detmold Rainer Heller und den Rat der Stadt<\/span><\/span><\/div>\n<div><\/div>\n<\/div>\n<div class=\"num-decision-maker-responses-badge mtxs hide-fully\" data-view-attached=\"true\" data-view=\"petitions\/show\/components\/num_decision_maker_responses_badge\" data-fetch_summary=\"{&quot;collection&quot;:{&quot;collection&quot;:&quot;PetitionResponsesCollection&quot;,&quot;params&quot;:{&quot;petition_id&quot;:7106498}}}\" data-collection_name=\"PetitionResponsesCollection\" data-petition_id=\"7106498\" data-lazy=\"true\">\n<div id=\"attachment_885\" style=\"width: 635px\" class=\"wp-caption alignnone\"><a href=\"http:\/\/oetternbach.de\/wp-content\/uploads\/2019\/01\/P1160580.jpg\"><img aria-describedby=\"caption-attachment-885\" loading=\"lazy\" class=\"size-large wp-image-885\" src=\"http:\/\/oetternbach.de\/wp-content\/uploads\/2019\/01\/P1160580-1024x578.jpg\" alt=\"\" width=\"625\" height=\"353\" srcset=\"https:\/\/www.oetternbach.de\/wp-content\/uploads\/2019\/01\/P1160580-1024x578.jpg 1024w, https:\/\/www.oetternbach.de\/wp-content\/uploads\/2019\/01\/P1160580-300x169.jpg 300w, https:\/\/www.oetternbach.de\/wp-content\/uploads\/2019\/01\/P1160580-768x433.jpg 768w, https:\/\/www.oetternbach.de\/wp-content\/uploads\/2019\/01\/P1160580-624x352.jpg 624w\" sizes=\"(max-width: 625px) 100vw, 625px\" \/><\/a><p id=\"caption-attachment-885\" class=\"wp-caption-text\">Pappel auf der Balbrede (Gewerbegebietsfl\u00e4che I), Sep. 2018 (Foto: A. Heuwinkel-Otter)<\/p><\/div>\n<div id=\"attachment_887\" style=\"width: 635px\" class=\"wp-caption alignnone\"><a href=\"http:\/\/oetternbach.de\/wp-content\/uploads\/2019\/01\/P1160585.jpg\"><img aria-describedby=\"caption-attachment-887\" loading=\"lazy\" class=\"size-large wp-image-887\" src=\"http:\/\/oetternbach.de\/wp-content\/uploads\/2019\/01\/P1160585-1024x578.jpg\" alt=\"\" width=\"625\" height=\"353\" srcset=\"https:\/\/www.oetternbach.de\/wp-content\/uploads\/2019\/01\/P1160585-1024x578.jpg 1024w, https:\/\/www.oetternbach.de\/wp-content\/uploads\/2019\/01\/P1160585-300x169.jpg 300w, https:\/\/www.oetternbach.de\/wp-content\/uploads\/2019\/01\/P1160585-768x433.jpg 768w, https:\/\/www.oetternbach.de\/wp-content\/uploads\/2019\/01\/P1160585-624x352.jpg 624w\" sizes=\"(max-width: 625px) 100vw, 625px\" \/><\/a><p id=\"caption-attachment-887\" class=\"wp-caption-text\">Blick auf den Peterskamp (Gewerbegebietsfl\u00e4che II) Richtung Lage; im Hintergrund Rauch der Zuckerfabrik in Lage, Sep. 2018 (Foto A. Heuwinkel-Otter)<\/p><\/div>\n<div id=\"attachment_888\" style=\"width: 635px\" class=\"wp-caption alignnone\"><a href=\"http:\/\/oetternbach.de\/wp-content\/uploads\/2019\/01\/P1160601.jpg\"><img aria-describedby=\"caption-attachment-888\" loading=\"lazy\" class=\"size-large wp-image-888\" src=\"http:\/\/oetternbach.de\/wp-content\/uploads\/2019\/01\/P1160601-1024x578.jpg\" alt=\"\" width=\"625\" height=\"353\" srcset=\"https:\/\/www.oetternbach.de\/wp-content\/uploads\/2019\/01\/P1160601-1024x578.jpg 1024w, https:\/\/www.oetternbach.de\/wp-content\/uploads\/2019\/01\/P1160601-300x169.jpg 300w, https:\/\/www.oetternbach.de\/wp-content\/uploads\/2019\/01\/P1160601-768x433.jpg 768w, https:\/\/www.oetternbach.de\/wp-content\/uploads\/2019\/01\/P1160601-624x352.jpg 624w\" sizes=\"(max-width: 625px) 100vw, 625px\" \/><\/a><p id=\"caption-attachment-888\" class=\"wp-caption-text\">Balbrede, beste Bodenqualit\u00e4t (80 Punkte) einer der besten B\u00f6den in Lippe, Sep. 2018 (Foto A. Heuwinkel-Otter)<\/p><\/div>\n<\/div>\n","protected":false},"excerpt":{"rendered":"<p>Sch\u00fctzt das Naturschutzgebiet Oetternbach Liebe Webside-Besucher bitte hier\u00a0anklicken\u00a0und die Petition\u00a0unterzeichnen!! Mit Eurer Unterschrift k\u00f6nnt ihr viel bewirken: Ihr setzt Euch zum Schutz f\u00fcr das NSG Oetternbach und damit f\u00fcr den Klimaschutz ein Ihr sch\u00fctzt wertvolle Ackerfl\u00e4chen und unterst\u00fctzt so die regionale Lebensmittproduktion Ihr unterst\u00fctzt den Erhalt der Artenvielfalt in der Region Ihr besch\u00fctzt die Anwohner [&hellip;]<\/p>\n","protected":false},"author":1,"featured_media":0,"parent":0,"menu_order":0,"comment_status":"closed","ping_status":"closed","template":"","meta":[],"_links":{"self":[{"href":"https:\/\/www.oetternbach.de\/index.php?rest_route=\/wp\/v2\/pages\/26"}],"collection":[{"href":"https:\/\/www.oetternbach.de\/index.php?rest_route=\/wp\/v2\/pages"}],"about":[{"href":"https:\/\/www.oetternbach.de\/index.php?rest_route=\/wp\/v2\/types\/page"}],"author":[{"embeddable":true,"href":"https:\/\/www.oetternbach.de\/index.php?rest_route=\/wp\/v2\/users\/1"}],"replies":[{"embeddable":true,"href":"https:\/\/www.oetternbach.de\/index.php?rest_route=%2Fwp%2Fv2%2Fcomments&post=26"}],"version-history":[{"count":6,"href":"https:\/\/www.oetternbach.de\/index.php?rest_route=\/wp\/v2\/pages\/26\/revisions"}],"predecessor-version":[{"id":1447,"href":"https:\/\/www.oetternbach.de\/index.php?rest_route=\/wp\/v2\/pages\/26\/revisions\/1447"}],"wp:attachment":[{"href":"https:\/\/www.oetternbach.de\/index.php?rest_route=%2Fwp%2Fv2%2Fmedia&parent=26"}],"curies":[{"name":"wp","href":"https:\/\/api.w.org\/{rel}","templated":true}]}}