{"id":302,"date":"2017-11-03T21:51:54","date_gmt":"2017-11-03T21:51:54","guid":{"rendered":"http:\/\/www.oetternbach.de\/?page_id=302"},"modified":"2024-02-15T21:16:17","modified_gmt":"2024-02-15T21:16:17","slug":"linkskooperationspartner","status":"publish","type":"page","link":"https:\/\/www.oetternbach.de\/?page_id=302","title":{"rendered":"Links\/Kooperationspartner"},"content":{"rendered":"<p><span style=\"color: #008000;\"><strong>Gemeinsam <\/strong>nicht einsam, nur so ist etwas zu erreichen!<\/span><\/p>\n<p><span style=\"color: #000000;\">Hier einige Links von Gleichgesinnten, die sich ebenfalls f\u00fcr den Naturschutz und die Artenvielfalt einsetzen. Viele Initiativen k\u00e4mpfen gegen ausufernde Gewerbegebiete, Verkehrsstra\u00dfen und damit gegen den Fl\u00e4chenfra\u00df.<\/span><\/p>\n<h5 style=\"text-align: left;\"><span style=\"color: #333333;\"><strong>Von einander zu wissen und sich auszutauschen hilft allen Beteiligten!<\/strong><\/span><\/h5>\n<p><span style=\"color: #000000;\">F\u00fcr die Inhalte der jeweiligen genannten Webside sind die Initiatoren verantwortlich.<\/span><\/p>\n<h3><span style=\"color: #000000;\">B\u00fcrgerinitiativen <\/span><\/h3>\n<p><span style=\"color: #000000; font-family: Calibri; font-size: medium;\"><strong>1)<\/strong> <span style=\"color: #339966;\"><strong>&#8222;B\u00fcrgerinitiative Steinbruchfeld&#8220;<\/strong><\/span> in Hannover. Im Rahmen des Wohnkonzeptes 2025 soll in Hannover Misburg das \u00f6stliche Steinbruchfeld komplett zugebaut und ein 1 Hektar gro\u00dfer Wald abgeholzt werden. Die Stadt Hannover will ein einzigartiges Naturhabitat f\u00fcr zahlreiche Tierarten, insbesondere V\u00f6gel und Flederm\u00e4use (z.B. Zwerg-, Rauhaut-, Breitfl\u00fcgelfledermaus) opfern. Eine jahrzehntealte Schrebergartenkolonie soll weichen. Damit geht neben erhaltenswerten Naturfl\u00e4chen ein St\u00fcck Kultur verloren. Deshalb m\u00f6chte die BI eine \u00c4nderung des Bebauungsplanes 1835 und den Schutz des Naturhabitats erwirken.\u00a0<\/span><a href=\"http:\/\/www.steinbruchfeld.info\/\">http:\/\/www.steinbruchfeld.info\/<\/a><\/p>\n<p><strong>2)<span style=\"color: #339966;\"> &#8222;B\u00fcrgerinitiative Moitzfeld-Herkenrath&#8220; <\/span><\/strong><span style=\"color: #000000;\">in der N\u00e4he von K\u00f6ln. Die Stadt Bergisch plant ein 20 ha gro\u00dfes\u00a0Gewerbegebiet &#8222;Voisl\u00f6he&#8220;. Dagegen wehren sich die B\u00fcrger.\u00a0<\/span><a href=\"http:\/\/www.moitzfeldherkenrath.de\">http:\/\/www.moitzfeldherkenrath.de<\/a><\/p>\n<p><strong>3)<\/strong> <strong>&#8222;<span style=\"color: #339966;\">B\u00fcrgerinitiative<\/span><\/strong><span style=\"color: #339966;\"><strong> B 239 nein Danke&#8220;<\/strong>\u00a0<\/span><span style=\"color: #333333;\"><span style=\"color: #000000;\">in Lage\/Lippe (zw. Bielefeld und Detmold). Der Bundesverkehrswegeplan sieht einen\u00a0Neubau der B239 vor. <\/span><span class=\"s1\"><span style=\"color: #000000;\">Die geplante Trasse f\u00fchrt durch Flusst\u00e4ler, Hochwasserschutzgebiete, zerschneidet landwirtschaftliche Fl\u00e4chen. Sie\u00a0versiegelt 52 ha Land und beansprucht weitere 94 ha von Vorrangfl\u00e4chen des Landschaftsschutzes. Seit 2012 wehren sich viele B\u00fcrger gegen diese Pl\u00e4ne.<\/span>\u00a0<\/span><\/span><a href=\"http:\/\/www.b239n-neindanke.de\/\">http:\/\/www.b239n-neindanke.de\/<\/a><\/p>\n<p><strong>4)<\/strong> <strong><span style=\"color: #808080;\"><span style=\"color: #339966;\">&#8222;B\u00fcrgerinitiative (BI) Giftm\u00fclldepoNie&#8220;<\/span><\/span> <\/strong><span style=\"color: #000000;\">in Bad Salzuflen (1993 gegr\u00fcndet), k\u00e4mpft seit \u00fcber 10 Jahren gegen die Etablierung eines Gewerbe- und Industriegebietes an der Leopoldsh\u00f6her Stra\u00dfe in Bad Salzuflen-Lockhausen, das dem\u00a0Naturschutzgebiet\u00a0Bexterwald mit Vogellehrpfad bedrohlich nahe kommt\u00a0und die Schutzrechte der\u00a0Anwohner\u00a0\u00fcbergehen w\u00fcrde.<\/span>\u00a0<a href=\"http:\/\/www.bi-bs.de\">http:\/\/www.bi-bs.de<\/a><\/p>\n<p><strong>5)<span style=\"color: #339966;\"> &#8222;Unsere Senne&#8220;<\/span> <\/strong><span style=\"color: #000000;\">Die Senne soll zum 17. National\u00adpark in Deutsch\u00adland werden. Das w\u00fcnschen sich 85% der B\u00fcrger, wie eine landesweite Meinungsumfrage ver\u00f6ffentlicht von den Bef\u00fcrworter des Parks zeigte. Am 12.07.2018 \u00fcbergaben die Nationalpark-Bef\u00fcrworter \u00fcber 15.000 Unterschriften an NRW-Wirtschaftsminister Andreas Pinkwart (FDP). Die Landesregierung NRW wollte den Nationalplan aus dem Landesentwicklungsplan streichen, um die wirtschaftliche Entwicklung der Region nicht zu gef\u00e4hrden und weil die Akzeptanz f\u00fcr einen Nationalpark in der Bev\u00f6lkerung fehle. Wenige Tage nach der Unterschriften\u00fcbergabe wurde bekannt, dass das Gel\u00e4nde \u00fcber das Jahr 2020 hinaus als Truppen\u00fcbungsplatz gebraucht wird. Die britischen Streitkr\u00e4fte bleiben mit einem Restkontingent von etwa 200 Mann in der Senne stationiert. Wie es nun weitergeht ist offen. <\/span><a href=\"http:\/\/www.unsere-senne.de\">www.unsere-senne.de\u00a0<\/a> <span style=\"color: #000000;\">Wer auf dem Laufenden bleiben m\u00f6chte, kann einen Newsletter abonnieren: <\/span><a href=\"mailto:email-anmelden@unsere-senne.de\">email-anmelden@unsere-senne.de<\/a><\/p>\n<p><strong>6) <span style=\"color: #339966;\">&#8222;Zwei B\u00fcrgerinitiativen im Kreis Recklinghausen&#8220;<\/span><\/strong> <span style=\"color: #000000;\">In Marl H\u00fcls, im\u00a0n\u00f6rdlichen Ruhrgebiet mit rund 85.000 Einwohnern\u00a0 wenden sich gegen ein Bauvorhaben mit 200 exklusiven Wohneinheiten f\u00fcr gutbetuchte \u201eBest Ager\u201c im H\u00fclser Wald, rund um das Jahnstadion. Der H\u00fclser Wald ist das einzige Naherholungsgebiet f\u00fcr die Anwohner. F\u00fcr die Bebauung des Jahnstadions m\u00fcssten \u00fcber 300 alte Eichen und Buchen mit einem Stammumfang von 80 cm gef\u00e4llt werden. Hunderte nachwachsende B\u00e4ume des Mischwald sind nicht mitgerechnet. Dieser Wald muss zum Klimaschutz und zur Erholung der Bev\u00f6lkerung erhalten bleiben. Die B\u00fcrgerinitiativen haben eine Petition gestartet abzurufen unter:<\/span> <u><a href=\"http:\/\/www.rettet-den-jahnstadion-wald.de\/\">www.rettet-den-jahnstadion-wald.de<\/a><\/u><\/p>\n<p><span style=\"color: #000000;\">Informationen zu den B\u00fcrgerinitiativen im Kreis Recklinghausen<\/span><\/p>\n<p><strong><span style=\"color: #339966;\">BI Marl H\u00fcls<\/span><\/strong>: <a href=\"https:\/\/bihuels.wordpress.com\">https:\/\/bihuels.wordpress.com<\/a>\u00a0und <strong><span style=\"color: #339966;\">BI zum Erhalt des Jahnstadion-Waldes<\/span>: <\/strong><a href=\"http:\/\/www.rettet-den-jahnstadion-wald.de\">http:\/\/www.rettet-den-jahnstadion-wald.de<\/a><\/p>\n<p><span style=\"color: #333333;\">Die <\/span><strong><span style=\"color: #339966;\">Baumschutzgruppe Vest<\/span><\/strong> <span style=\"color: #333333;\">k\u00fcmmert sich allgemein um den Baumschutz im\u00a0Kreis Recklinghausen: <\/span><a href=\"https:\/\/baumschutzgruppevest.wordpress.com\/\">https:\/\/baumschutzgruppevest.wordpress.com\/<\/a><\/p>\n<p><strong>7)<\/strong> <span style=\"color: #339966;\"><strong>Manuel Bergmann<\/strong> <\/span><span style=\"color: #000000;\">Der aus M\u00fcnchen stammende junge Mann krempelte sein Leben um und widmet sich dem Natur- und Umweltschutz in Bali. Die <a style=\"color: #000000;\" href=\"https:\/\/www.sueddeutsche.de\/muenchen\/muenchner-im-exil-fit-fuer-die-zukunft-1.4286606\">S\u00fcddeutsche Zeitung<\/a> berichtete a, 14.01.2019 \u00fcber sein Engagement. Er ist auf Facebook aktiv\u00a0und erkl\u00e4rt dort was er so macht.<\/span>\u00a0<a href=\"https:\/\/business.facebook.com\/manuel.bergmann.de\/\">https:\/\/business.facebook.com\/manuel.bergmann.de\/<\/a><\/p>\n<p><strong>8)\u00a0<\/strong><span style=\"color: #339966;\"><strong>B\u00fcndnis pro Mensch &amp; Natur: Kein Neubau der B-239 in Lippe: <\/strong><span style=\"color: #000000;\">Zusammenschluss von Vereinen, B\u00fcrgerinitiativen, Gewerbetreibenden und Einzelpersonen, <\/span><\/span><span style=\"color: #000000;\">um sich gemeinsam in Lippe f\u00fcr Menschen und Natur zu engagieren. Das aktuell wichtigstes Anliegen ist es, den Neubau der Bundesstra\u00dfe 239 (kurz B239n) quer durch Lippe zu verhindern.<\/span>\u00a0<a href=\"https:\/\/www.b239n.net\/\">https:\/\/www.b239n.net\/<\/a><\/p>\n<p><strong>9)<\/strong><span style=\"color: #339966;\"><strong> Lieme\/Hengstheide<\/strong><\/span> Die B\u00fcrger wehren sich gegen die Rodung eines W\u00e4ldchens und Fl\u00e4chenversiegelung f\u00fcr die Erweiterung\u00a0es Industriegebietes Lieme-West. Internetadresse: <a href=\"http:\/\/www.Naturschutz-Lieme-West.de\">http:\/\/www.Naturschutz-Lieme-West.de<\/a>; Facebook: <a href=\"http:\/\/facebook.de\/Hengstheide\">facebook.de\/Hengstheide<\/a><br \/>\n<strong>Gratulation<\/strong>: Die B\u00fcrger hatten <a href=\"http:\/\/www.oetternbach.de\/?page_id=342\"><strong><span style=\"color: #99cc00;\">Erfolg<\/span><\/strong><\/a>, das W\u00e4ldchen bleibt.<\/p>\n<p><strong>10)<span style=\"color: #339966;\"> <a style=\"color: #339966;\" href=\"https:\/\/www.lippe-oekologisch.de\/lippe-oekologisch\/\">LIPPE \u00f6koLOGISCH<\/a> <\/span><\/strong>ein Netzwerk im Kreis Lippe mit derzeit 17 Initiativen und Naturschutzverb\u00e4nden. Mail: <a href=\"mailto:info@lippe-oekologisch.de\">info@lippe-oekologisch.de<\/a><\/p>\n<p><strong>11)<span style=\"color: #339966;\">\u00a0<a style=\"color: #339966;\" href=\"https:\/\/www.beller-feld.de\/\">Beller Feld<\/a>\u00a0<\/span><\/strong><span style=\"color: #000000;\">Die Aktionsgruppe &#8222;Beller Feld \u2013 Kein Platz f\u00fcr Amazon&#8220;, gegr\u00fcndet von B\u00fcrgern aus Belle und W\u00f6bbel, wehrt sich gegen die Ansiedlung von Amazon. Das Logistikunternehmen steht weltweit in der Kritik, u.a. aufgrund schlechter Behandlung und Bezahlung von Mitarbeitern. Die Bebauung in der Region von Horn-Bad Meinberg w\u00fcrde 50 Hektar bestes Ackerland f\u00fcr die Landwirtschaft unbrauchbar machen, 21 Hektar davon klimasch\u00e4dlich versiegeln. Kontakt: Wolfram Fiedler, Mail:\u00a0fiedler@beller-feld.de<\/span><\/p>\n<h3><\/h3>\n<h3><span style=\"color: #000000;\"><strong>Naturschutzverb\u00e4nde<\/strong><\/span><\/h3>\n<p><strong><span style=\"color: #000000;\">BUND-Lippe: <\/span><a href=\"https:\/\/www.bund-lippe.de\/\">https:\/\/www.bund-lippe.de\/<\/a><\/strong><\/p>\n<p><strong><img loading=\"lazy\" class=\"logo\" src=\"http:\/\/www.bund-lemgo.de\/bilder\/template\/bund-lemgo-logo.png\" alt=\"BUND Lemgo Logo\" width=\"254\" height=\"49\" \/><\/strong><\/p>\n<p><strong><span style=\"color: #000000;\">BUND-Lemgo:<\/span> <a href=\"http:\/\/www.bund-lemgo.de\/Mobilitaet_Verkehr.html\">\u00a0http:\/\/www.bund-lemgo.de\/<\/a><\/strong><\/p>\n<p><a href=\"https:\/\/www.nabu-lippe.de\/\" target=\"_self\" rel=\"noopener\"><img id=\"cc-m-imagesubtitle-image-7927203963\" src=\"https:\/\/image.jimcdn.com\/app\/cms\/image\/transf\/dimension=160x10000:format=jpg\/path\/s9c7edf11a303f9dc\/image\/i2c7508de52827a8c\/version\/1541681682\/image.jpg\" sizes=\"(min-width: 160px) 160px, 100vw\" srcset=\"https:\/\/image.jimcdn.com\/app\/cms\/image\/transf\/dimension=160x10000:format=jpg\/path\/s9c7edf11a303f9dc\/image\/i2c7508de52827a8c\/version\/1541681682\/image.jpg 160w, https:\/\/image.jimcdn.com\/app\/cms\/image\/transf\/dimension=320x10000:format=jpg\/path\/s9c7edf11a303f9dc\/image\/i2c7508de52827a8c\/version\/1541681682\/image.jpg 320w\" alt=\"\" data-src=\"https:\/\/image.jimcdn.com\/app\/cms\/image\/transf\/dimension=160x10000:format=jpg\/path\/s9c7edf11a303f9dc\/image\/i2c7508de52827a8c\/version\/1541681682\/image.jpg\" data-image-id=\"5208096263\" data-src-height=\"1261\" data-src-width=\"1332\" data-pfsrc=\"https:\/\/image.jimcdn.com\/app\/cms\/image\/transf\/dimension=160x10000:format=jpg\/path\/s9c7edf11a303f9dc\/image\/i2c7508de52827a8c\/version\/1541681682\/image.jpg\" \/><\/a><\/p>\n<p><strong><span style=\"color: #000000;\">NABU-Lippe:<\/span> <a href=\"https:\/\/www.nabu-lippe.de\/\">https:\/\/www.nabu-lippe.de\/<\/a><\/strong><\/p>\n<h4><\/h4>\n<h3><span style=\"color: #000000;\"><strong>\u00d6ko- und Bio-Initiativen\/Unternehmen<\/strong><\/span><\/h3>\n<p><span style=\"color: #008000;\"><strong>Fran-Seifen<\/strong>\u00a0<\/span><strong>\u00a0nach dem Motto\u00a0<\/strong><strong style=\"font-size: 1rem;\">&#8222;Natur\u00a0 f\u00fcr die Natur&#8220;,\u00a0<\/strong><strong style=\"font-size: 1rem;\">produziert\u00a0<\/strong><strong style=\"font-size: 1rem;\">in D\u00f6rentrup\u00a0<\/strong><strong style=\"font-size: 1rem;\">das Familienunternehmen h<span style=\"font-size: 1rem;\">andgesch\u00f6pfte\u00a0<\/span><span style=\"font-size: 1rem;\">Seifen und K\u00f6rperpflegemittel, z.B. K\u00f6rperbutter zum Eincremen. Im Jahr 2021 kreierte Andrea Franke die &#8222;Pivit-Seife&#8220; f\u00fcr das Aktionsb\u00fcndnis. Zur Website:\u00a0<a href=\"https:\/\/www.fran-seifen.com\/\">Fran-Seifen &#8211; Home<\/a><\/span><\/strong><\/p>\n<hr \/>\n<p><strong><span style=\"color: #008000;\">&#8222;Lippe im Wandel e.V.&#8220; <\/span><span style=\"color: #000000;\">hat sich 2014 gegr\u00fcndet mit dem Ziel, \u00fcber einen nachhaltigen Lebensstil zu informieren, Projekte zu initiieren und\/oder zu unterst\u00fctzen. Dabei arbeitet der Verein mit regionalen Akteuren zusammen.\u00a0Informationen zum aktuellen Programm\u00a0unter<\/span> <a href=\"http:\/\/www.lippeimwandel.de\/\">www.lippeimwandel.de<\/a><\/strong><\/p>\n<p><strong><a href=\"http:\/\/oetternbach.de\/wp-content\/uploads\/2018\/09\/LIWLogo4c.png\"><img loading=\"lazy\" class=\"alignnone wp-image-730\" src=\"http:\/\/oetternbach.de\/wp-content\/uploads\/2018\/09\/LIWLogo4c.png\" alt=\"\" width=\"235\" height=\"82\" srcset=\"https:\/\/www.oetternbach.de\/wp-content\/uploads\/2018\/09\/LIWLogo4c.png 688w, https:\/\/www.oetternbach.de\/wp-content\/uploads\/2018\/09\/LIWLogo4c-300x105.png 300w, https:\/\/www.oetternbach.de\/wp-content\/uploads\/2018\/09\/LIWLogo4c-624x218.png 624w\" sizes=\"(max-width: 235px) 100vw, 235px\" \/><\/a><\/strong><\/p>\n<p><strong><span style=\"color: #000000;\">Die<\/span><span style=\"color: #008000;\"> WANDEL-WERKSTATT<\/span> <span style=\"color: #000000;\">(Friedrichstrasse 15, Detmold) dient als Veranstaltungsort und Ideenwerkstatt. Hier gibt es eine Wandel-Verleihb\u00fccherei, ein Umsonst-und Tauschregal und die M\u00f6glichkeit seinen pers\u00f6nlichen CO2 Verbrauch zu berechnen.<\/span><\/strong><\/p>\n<p><strong><a href=\"http:\/\/oetternbach.de\/wp-content\/uploads\/2018\/09\/LogoWW-2-731x270.png\"><img loading=\"lazy\" class=\"alignnone wp-image-731\" src=\"http:\/\/oetternbach.de\/wp-content\/uploads\/2018\/09\/LogoWW-2-731x270.png\" alt=\"\" width=\"227\" height=\"84\" srcset=\"https:\/\/www.oetternbach.de\/wp-content\/uploads\/2018\/09\/LogoWW-2-731x270.png 731w, https:\/\/www.oetternbach.de\/wp-content\/uploads\/2018\/09\/LogoWW-2-731x270-300x111.png 300w, https:\/\/www.oetternbach.de\/wp-content\/uploads\/2018\/09\/LogoWW-2-731x270-624x230.png 624w\" sizes=\"(max-width: 227px) 100vw, 227px\" \/><\/a><\/strong><\/p>\n<p><strong><span style=\"color: #008000;\">&#8222;hier wech forum&#8220;<\/span>, F<span style=\"color: #000000;\">orum f\u00fcr regionale Bewegung<\/span> <a href=\"http:\/\/www.hierwech-forum.de\/\">http:\/\/www.hierwech-forum.de\/<\/a><\/strong><\/p>\n<hr \/>\n<p><a href=\"http:\/\/www.oetternbach.de\/wp-content\/uploads\/2022\/10\/Franziskaseiland-scaled.jpg\"><img loading=\"lazy\" class=\"alignnone  wp-image-2151\" src=\"http:\/\/www.oetternbach.de\/wp-content\/uploads\/2022\/10\/Franziskaseiland-1024x512.jpg\" alt=\"\" width=\"511\" height=\"255\" srcset=\"https:\/\/www.oetternbach.de\/wp-content\/uploads\/2022\/10\/Franziskaseiland-1024x512.jpg 1024w, https:\/\/www.oetternbach.de\/wp-content\/uploads\/2022\/10\/Franziskaseiland-300x150.jpg 300w, https:\/\/www.oetternbach.de\/wp-content\/uploads\/2022\/10\/Franziskaseiland-768x384.jpg 768w, https:\/\/www.oetternbach.de\/wp-content\/uploads\/2022\/10\/Franziskaseiland-1536x768.jpg 1536w, https:\/\/www.oetternbach.de\/wp-content\/uploads\/2022\/10\/Franziskaseiland-2048x1024.jpg 2048w, https:\/\/www.oetternbach.de\/wp-content\/uploads\/2022\/10\/Franziskaseiland-624x312.jpg 624w\" sizes=\"(max-width: 511px) 100vw, 511px\" \/><\/a><\/p>\n<p><span style=\"color: #008000;\"><strong>Franziska&#8217;s Eiland<\/strong><\/span>\u00a0 \u00a0 \u00a0 \u00a0 \u00a0 Inhaberin: Franziska L\u00fcbbert<\/p>\n<p>&#8222;Kiel-Hof&#8220;, Niewaldstra\u00dfe 74, 32758 Detmold-Niewald<br \/>\nTelefon: 0151 57 22 11 14<br \/>\nInstagram: <a href=\"https:\/\/www.instagram.com\/franziskaseiland\/\">franziskaseiland<\/a><br \/>\nBioeier und -eierlik\u00f6r, Biokartoffeln und einiges mehr. Alles Bio!<\/p>\n<p><strong>Erfolge und Nachrichten von unseren Kooperationspartnern<\/strong><\/p>\n<ul>\n<li><strong>Lockhausen<\/strong>:\u00a0\u00a0Am 8.03.2022 stand in der LZ, dass es mit den Pl\u00e4nen zum Gewerbegebiet in Lockhausen weitergehen soll. Das Gewerbegebiet wird kleiner als urspr\u00fcnglich geplant, ein 100 Meter breiter Gr\u00fcng\u00fcrtel schirmt die Wohnbebauung ab.\u00a0 Ein Kompromiss\u00a0<span style=\"font-size: 1rem;\">nach 20 Jahren Kampf von B\u00fcrgerseite.\u00a0Allerdings sind nachts bis zu 60 Dezibel L\u00e4rm in einem Teil des Gewebegebietes erlaubt. Die Leopoldsh\u00f6herstra\u00dfe ist ein Mischgebiet. Hier sind max. 60 <\/span><span style=\"font-size: 14px;\">Dezibel<\/span><span style=\"font-size: 1rem;\">\u00a0tags und 45 nachts zul\u00e4ssig. Hoffentlich kein neuer Konfliktpunkt f\u00fcr die Region.<\/span><\/li>\n<li style=\"margin-left: 1.71429rem;\"><span style=\"display: inline !important; float: none; background-color: #ffffff; color: #444444; font-family: 'Open Sans',Helvetica,Arial,sans-serif; font-size: 14px; font-style: normal; font-variant: normal; font-weight: 400; letter-spacing: normal; line-height: 1.7142; orphans: 2; text-align: left; text-decoration: none; text-indent: 0px; text-transform: none; -webkit-text-stroke-width: 0px; white-space: normal; word-spacing: 0px;\"><strong>Hengstheider<\/strong>\u00a0W\u00e4ldchen bleibt erhalten. Wir gratulieren!<\/span><\/li>\n<li><strong>25.05.2020\u00a0<a href=\"http:\/\/www.oetternbach.de\/?page_id=342\">Pro Ilsetal<\/a><\/strong> wappnet sich f\u00fcr einen Rechtsstreit mit Stra\u00dfen NRW<\/li>\n<li><strong>FFF\u00a0<\/strong>Was in Detmold los ist, findet ihr unter: <a href=\"https:\/\/fridaysforfuturedetmold.org\/index.html#wir\">https:\/\/fridaysforfuturedetmold.org\/index.html#wir<\/a><\/li>\n<\/ul>\n","protected":false},"excerpt":{"rendered":"<p>Gemeinsam nicht einsam, nur so ist etwas zu erreichen! Hier einige Links von Gleichgesinnten, die sich ebenfalls f\u00fcr den Naturschutz und die Artenvielfalt einsetzen. Viele Initiativen k\u00e4mpfen gegen ausufernde Gewerbegebiete, Verkehrsstra\u00dfen und damit gegen den Fl\u00e4chenfra\u00df. Von einander zu wissen und sich auszutauschen hilft allen Beteiligten! F\u00fcr die Inhalte der jeweiligen genannten Webside sind die [&hellip;]<\/p>\n","protected":false},"author":1,"featured_media":0,"parent":0,"menu_order":0,"comment_status":"closed","ping_status":"closed","template":"","meta":[],"_links":{"self":[{"href":"https:\/\/www.oetternbach.de\/index.php?rest_route=\/wp\/v2\/pages\/302"}],"collection":[{"href":"https:\/\/www.oetternbach.de\/index.php?rest_route=\/wp\/v2\/pages"}],"about":[{"href":"https:\/\/www.oetternbach.de\/index.php?rest_route=\/wp\/v2\/types\/page"}],"author":[{"embeddable":true,"href":"https:\/\/www.oetternbach.de\/index.php?rest_route=\/wp\/v2\/users\/1"}],"replies":[{"embeddable":true,"href":"https:\/\/www.oetternbach.de\/index.php?rest_route=%2Fwp%2Fv2%2Fcomments&post=302"}],"version-history":[{"count":49,"href":"https:\/\/www.oetternbach.de\/index.php?rest_route=\/wp\/v2\/pages\/302\/revisions"}],"predecessor-version":[{"id":2336,"href":"https:\/\/www.oetternbach.de\/index.php?rest_route=\/wp\/v2\/pages\/302\/revisions\/2336"}],"wp:attachment":[{"href":"https:\/\/www.oetternbach.de\/index.php?rest_route=%2Fwp%2Fv2%2Fmedia&parent=302"}],"curies":[{"name":"wp","href":"https:\/\/api.w.org\/{rel}","templated":true}]}}