{"id":570,"date":"2018-04-16T08:36:33","date_gmt":"2018-04-16T08:36:33","guid":{"rendered":"http:\/\/www.oetternbach.de\/?page_id=570"},"modified":"2024-04-24T13:44:23","modified_gmt":"2024-04-24T13:44:23","slug":"insekten-schmetterlinge","status":"publish","type":"page","link":"https:\/\/www.oetternbach.de\/?page_id=570","title":{"rendered":"Insekten\/Schmetterlinge"},"content":{"rendered":"<h2><span style=\"color: #000000;\">Noch flattert es im NSG Oetternbach!<\/span><\/h2>\n<p><span style=\"color: #000000;\"><strong>129 Tagfalterarten listet die aktuelle Rote Liste der Schmetterlinge (2011) f\u00fcr Nordrhein-Westfalen auf. Nur etwas mehr als 20 % der Falterarten gelten noch als ungef\u00e4hrdet, d.h. im Umkehrschluss rund 80 % gelten als gef\u00e4hrdet. Damit haben es die Politiker schwarz auf wei\u00df: Das Insektensterben muss gestoppt werden, sonst m\u00fcssen sie weitreichende Folgen verantworten.<\/strong><\/span><\/p>\n<h4><span style=\"color: #000000;\">Insektenarten im NSG Oetternbach \/ Balbrede<\/span><\/h4>\n<p><span style=\"color: #000000;\">Im Rahmen der Artenschutzpr\u00fcfung (ASP) konnten am 22.07.2013 bei einem Lichtfang in der Region des anvisierten Gewerbegebietes &#8222;Balbrede&#8220;\u00a0<strong>76 Schmetterling<\/strong><strong>sarten<\/strong> beobachtet werden. <em>&#8222;Heraus ragt aus dem Kartierungsergebnis der Nachweis des <strong>Z\u00fcnslers<\/strong> (Sciota rhenella). Diese Art der Weichholzaue wird aktuell in der Roten Liste NRW im Naturraum Weserbergland unter der Rubrik &#8218;0- ausgestorben oder verschollen&#8216; gef\u00fchrt!&#8220;<\/em> \u00a0(ASP f\u00fcr den B-Blan 23-06\/I &#8222;Balbrede&#8220; Detmold Kreis Lippe NRW, Abschnitt 7.3.2.). Und es gibt noch weitere interessante Funde.<\/span><\/p>\n<p><span style=\"color: #000000;\"><em>&#8222;Eine weitere Besonderheit stellt der Fund des <strong>Anemonen-Blattfalters<\/strong> (Perizoma didymata) dar. Diese Art besiedelt in Ostwestfalen krautreiche Mischw\u00e4lder im h\u00f6heren Bergland. \u2026 Die Funde im Flach- und H\u00fcgelland stellen in unserer Region eine gro\u00dfe Bedeutung dar.&#8220;<\/em> (ASP, Absatz 7.3).<\/span><\/p>\n<p><span style=\"color: #000000;\">Nachgewiesen wurde die <strong>Federmotte<\/strong> (Marasmarcha lunaedactyla). <em>&#8222;Sie k\u00f6nnte im Untersuchungsgebiet im Bereich der weitl\u00e4ufigen Weiden oder an Feld &#8211; oder Wegr\u00e4ndern s\u00fcdlich des Oetternbaches siedeln. \u2026 In Betracht kommen im Besonderen auch die Feldfl\u00e4chen, die als neues Gewerbegebiet ausgewiesen worden sind!&#8220;<\/em> (ASP, Absatz 7.3).<\/span><\/p>\n<p><span style=\"color: #000000;\"><em>&#8222;Eine sehr interessante Art ist <strong>Graphderes austricus<\/strong>. Von dieser Schwimmk\u00e4ferart gibt es aus unserer Region so gut wie keine aktuellen Meldungen.&#8220;<\/em> (ASP, Absatz 7.3)<\/span><\/p>\n<p><span style=\"color: #000000;\">F\u00fcr die ASP beauftragt durch die Stadt Detmold kommt das Kartierungsb\u00fcro forna aus Detmold allein f\u00fcr die Insektenarten zu dem Schluss: <em>&#8222;Nach dem Kartierungsergebnissen, l\u00e4sst sich ein h\u00f6chst interessantes Arteninventar f\u00fcr das Untersuchungsgebiet voraussetzen. Besonders deswegen, weil neben typischen, auch landesweit bestandsbedrohten Feuchtgebietsbewohnern (der unterschiedlichsten Insektenordnungen) auch Vertreter der mesophilen bis trocknen Lebensr\u00e4ume in deren unmittelbarer Nachbarschaft vorkommen.&#8220;<\/em> (ASP, Absatz 7.3)<\/span><\/p>\n<h4><span style=\"color: #000000;\">Insektenschwund in Deutschlands Naturschutzgebieten <\/span><\/h4>\n<p><span style=\"color: #000000;\">Wie die Insekten-Artenvielfalt in den deutschen NSG leidet, wurde durch die sog. Krefelder Studie deutlich, am 18.10. 2017 im Wissenschaftsjournal PLOS ONE ver\u00f6ffentlicht. In <strong>63 Naturschutzgebieten<\/strong> in Deutschland wurde \u00fcber 27 Jahre hinweg\u00a0der Zustand und die Entwicklung der lokalen Insektenfauna untersucht\u00a0(s.u.). Dabei stellten die Wissenschaftler ein <strong>R\u00fcckgang fest, von mehr als 75% der gesamten fliegenden Insekten<\/strong> <strong>in<\/strong> den <strong>Schutzgebieten (!)<\/strong>. Dieser bislang noch nicht erkannte Verlust an Insektenbiomasse muss bei der Bewertung von Artenr\u00fcckg\u00e4ngen (Insekten dienen als Nahrungsquelle, u.a. f\u00fcr V\u00f6gel) und dem Funktionieren des \u00d6kosystems in der europ\u00e4ischen Landschaft ber\u00fccksichtigt werden. Das Forscherteam zieht ein erschreckendes Fazit: Voraussichtlich wird der Verlust an Insektenvielfalt und -menge Auswirkungen auf Nahrungsnetze hervorrufen und die \u00d6kosystemleistungen gef\u00e4hrden.<\/span><\/p>\n<p><span style=\"color: #000000;\"><strong>Krefelder Studie:<\/strong> Caspar A. Hallmann,\u00a0Martin Sorg,\u00a0Eelke Jongejans, Henk Siepel,\u00a0Nick Hofland,\u00a0Heinz Schwan,\u00a0Werner Stenmans,\u00a0 Andreas M\u00fcller,\u00a0 Hubert Sumser, Thomas H\u00f6rren, Published: 18. Okt., 2017<\/span> <span style=\"color: #0000ff;\"><a style=\"color: #0000ff;\" href=\"http:\/\/journals.plos.org\/plosone\/article?id=10.1371\/journal.pone.0185809\">http:\/\/journals.plos.org\/plosone\/article?id=10.1371\/journal.pone.0185809<\/a><\/span><\/p>\n<h3><span style=\"color: #000000;\">Schmetterlinge und Falter im NSG Oetternbach (Lichtfang in der Nacht) <\/span><a href=\"http:\/\/Fotos\">http:\/\/Fotos<\/a><a href=\"http:\/\/oetternbach.de\/wp-content\/uploads\/2018\/04\/20180415_220543.jpg\"><img loading=\"lazy\" class=\"alignnone size-large wp-image-592\" src=\"http:\/\/oetternbach.de\/wp-content\/uploads\/2018\/04\/20180415_220543-1024x768.jpg\" alt=\"\" width=\"625\" height=\"469\" srcset=\"https:\/\/www.oetternbach.de\/wp-content\/uploads\/2018\/04\/20180415_220543-1024x768.jpg 1024w, https:\/\/www.oetternbach.de\/wp-content\/uploads\/2018\/04\/20180415_220543-300x225.jpg 300w, https:\/\/www.oetternbach.de\/wp-content\/uploads\/2018\/04\/20180415_220543-768x576.jpg 768w, https:\/\/www.oetternbach.de\/wp-content\/uploads\/2018\/04\/20180415_220543-624x468.jpg 624w\" sizes=\"(max-width: 625px) 100vw, 625px\" \/><\/a><a href=\"http:\/\/oetternbach.de\/wp-content\/uploads\/2018\/04\/20180415_221900.jpg\"><img loading=\"lazy\" class=\"alignnone size-large wp-image-591\" src=\"http:\/\/oetternbach.de\/wp-content\/uploads\/2018\/04\/20180415_221900-1024x498.jpg\" alt=\"\" width=\"625\" height=\"304\" srcset=\"https:\/\/www.oetternbach.de\/wp-content\/uploads\/2018\/04\/20180415_221900-1024x498.jpg 1024w, https:\/\/www.oetternbach.de\/wp-content\/uploads\/2018\/04\/20180415_221900-300x146.jpg 300w, https:\/\/www.oetternbach.de\/wp-content\/uploads\/2018\/04\/20180415_221900-768x373.jpg 768w, https:\/\/www.oetternbach.de\/wp-content\/uploads\/2018\/04\/20180415_221900-624x303.jpg 624w\" sizes=\"(max-width: 625px) 100vw, 625px\" \/><\/a><a href=\"http:\/\/oetternbach.de\/wp-content\/uploads\/2018\/04\/20180415_223211.jpg\"><img loading=\"lazy\" class=\"alignnone size-large wp-image-590\" src=\"http:\/\/oetternbach.de\/wp-content\/uploads\/2018\/04\/20180415_223211-1024x498.jpg\" alt=\"\" width=\"625\" height=\"304\" srcset=\"https:\/\/www.oetternbach.de\/wp-content\/uploads\/2018\/04\/20180415_223211-1024x498.jpg 1024w, https:\/\/www.oetternbach.de\/wp-content\/uploads\/2018\/04\/20180415_223211-300x146.jpg 300w, https:\/\/www.oetternbach.de\/wp-content\/uploads\/2018\/04\/20180415_223211-768x373.jpg 768w, https:\/\/www.oetternbach.de\/wp-content\/uploads\/2018\/04\/20180415_223211-624x303.jpg 624w\" sizes=\"(max-width: 625px) 100vw, 625px\" \/><\/a><a href=\"http:\/\/oetternbach.de\/wp-content\/uploads\/2018\/04\/20180415_224345.jpg\"><img loading=\"lazy\" class=\"alignnone size-large wp-image-589\" src=\"http:\/\/oetternbach.de\/wp-content\/uploads\/2018\/04\/20180415_224345-1024x498.jpg\" alt=\"\" width=\"625\" height=\"304\" srcset=\"https:\/\/www.oetternbach.de\/wp-content\/uploads\/2018\/04\/20180415_224345-1024x498.jpg 1024w, https:\/\/www.oetternbach.de\/wp-content\/uploads\/2018\/04\/20180415_224345-300x146.jpg 300w, https:\/\/www.oetternbach.de\/wp-content\/uploads\/2018\/04\/20180415_224345-768x373.jpg 768w, https:\/\/www.oetternbach.de\/wp-content\/uploads\/2018\/04\/20180415_224345-624x303.jpg 624w\" sizes=\"(max-width: 625px) 100vw, 625px\" \/><\/a><a href=\"http:\/\/oetternbach.de\/wp-content\/uploads\/2018\/04\/20180415_222246.jpg\"><img loading=\"lazy\" class=\"alignnone size-large wp-image-588\" src=\"http:\/\/oetternbach.de\/wp-content\/uploads\/2018\/04\/20180415_222246-1024x498.jpg\" alt=\"\" width=\"625\" height=\"304\" srcset=\"https:\/\/www.oetternbach.de\/wp-content\/uploads\/2018\/04\/20180415_222246-1024x498.jpg 1024w, https:\/\/www.oetternbach.de\/wp-content\/uploads\/2018\/04\/20180415_222246-300x146.jpg 300w, https:\/\/www.oetternbach.de\/wp-content\/uploads\/2018\/04\/20180415_222246-768x373.jpg 768w, https:\/\/www.oetternbach.de\/wp-content\/uploads\/2018\/04\/20180415_222246-624x303.jpg 624w\" sizes=\"(max-width: 625px) 100vw, 625px\" \/><\/a><a href=\"http:\/\/oetternbach.de\/wp-content\/uploads\/2018\/04\/20180415_220012.jpg\"><img loading=\"lazy\" class=\"alignnone size-large wp-image-587\" src=\"http:\/\/oetternbach.de\/wp-content\/uploads\/2018\/04\/20180415_220012-1024x768.jpg\" alt=\"\" width=\"625\" height=\"469\" srcset=\"https:\/\/www.oetternbach.de\/wp-content\/uploads\/2018\/04\/20180415_220012-1024x768.jpg 1024w, https:\/\/www.oetternbach.de\/wp-content\/uploads\/2018\/04\/20180415_220012-300x225.jpg 300w, https:\/\/www.oetternbach.de\/wp-content\/uploads\/2018\/04\/20180415_220012-768x576.jpg 768w, https:\/\/www.oetternbach.de\/wp-content\/uploads\/2018\/04\/20180415_220012-624x468.jpg 624w\" sizes=\"(max-width: 625px) 100vw, 625px\" \/><\/a><\/h3>\n<p>Am Oetternbach ist auch die <strong>Prachtlibelle <\/strong>zu finden, die wie allen Libellenarten nach dem Bundesnaturschutzgesetz unter besonderem Schutz steht.\u00a0Sie braucht langsam flie\u00dfende B\u00e4che, kleinere Fl\u00fcsse und krautreiche Kan\u00e4le, die ausreichend besonnt werden. Das Wasser darf nicht zu sehr verschmutzt sein. Au\u00dferdem ist eine ausreichende Verkrautung mit Wasser- und Uferpflanzen f\u00fcr die Libellenart lebensnotwendig.\u00a0Die Best\u00e4nde der Prachtlibellen ist\u00a0<span style=\"font-size: 1rem;\">vielerorts<\/span><span style=\"font-size: 1rem;\">\u00a0r\u00fcckl\u00e4ufig, durch Verschmutzung, Kanalisierung und intensive \u201eUnterhaltung\u201c von Flie\u00dfgew\u00e4ssern (Gew\u00e4sserentkrautung und M\u00e4hen der Ufer). Die\u00a0Blaufl\u00fcgel-Prachtlibelle wird in der aktuellen Roten Liste in Deutschland auf der Vorwarnliste gef\u00fchrt.<\/span><\/p>\n<p><strong><span style=\"color: #339966;\">Buchtipp<\/span><\/strong><\/p>\n<p>Das Buch thematisiert den Niedergang von ausgew\u00e4hlten, verschiedenen Schmetterlingsarten in NRW, aufgrund von Nachweismeldungen in den Jahren 1975-2017. Grundlage bildet die Datenbank der Arbeitsgemeinschaft Rheinisch-Westf\u00e4lischer Lepidoperologen e.V. (Mitherausgeber). Fotos und Steckbriefe der Arten, Gr\u00fcnde f\u00fcr das Schwinden von Schmetterlingen, L\u00f6sungswege, um dem Schwund zu begegnen werden erkl\u00e4rt. <a href=\"https:\/\/drive.google.com\/file\/d\/1ZGrTXLyLtia4JZw3C7CrV6lpTbIlMAkV\/view?usp=sharing\">Leseprobe\u00a0<\/a><\/p>\n<p><img loading=\"lazy\" class=\" wp-image-1321 alignleft\" style=\"font-size: 16px; font-weight: bold;\" src=\"http:\/\/www.n-bn.eu\/wp-content\/uploads\/2021\/01\/P1230994-203x300.jpg\" alt=\"\" width=\"295\" height=\"436\" \/><\/p>\n<p>Rudolf P\u00e4hler, Hans Dudler, Axel Hille (2019) Das stille Sterben der Schmetterlinge. Eigenverlag R. P\u00e4hler, Druck Bonifacius GmbH, Paderborn. Hardcover, 336 Seiten, vierfarbig, deutsch\/englisch. Buchpreis:\u00a0 27,85 \u20ac plus 5 % MwSt (29,24 \u20ac) plus Versandkosten.<\/p>\n<p>Bestellen: Rudolf P\u00e4hler: <a href=\"mailto:Rudolf@Paehler.biz\">Rudolf@Paehler.biz<\/a><\/p>\n","protected":false},"excerpt":{"rendered":"<p>Noch flattert es im NSG Oetternbach! 129 Tagfalterarten listet die aktuelle Rote Liste der Schmetterlinge (2011) f\u00fcr Nordrhein-Westfalen auf. Nur etwas mehr als 20 % der Falterarten gelten noch als ungef\u00e4hrdet, d.h. im Umkehrschluss rund 80 % gelten als gef\u00e4hrdet. Damit haben es die Politiker schwarz auf wei\u00df: Das Insektensterben muss gestoppt werden, sonst m\u00fcssen [&hellip;]<\/p>\n","protected":false},"author":1,"featured_media":0,"parent":0,"menu_order":0,"comment_status":"closed","ping_status":"closed","template":"","meta":[],"_links":{"self":[{"href":"https:\/\/www.oetternbach.de\/index.php?rest_route=\/wp\/v2\/pages\/570"}],"collection":[{"href":"https:\/\/www.oetternbach.de\/index.php?rest_route=\/wp\/v2\/pages"}],"about":[{"href":"https:\/\/www.oetternbach.de\/index.php?rest_route=\/wp\/v2\/types\/page"}],"author":[{"embeddable":true,"href":"https:\/\/www.oetternbach.de\/index.php?rest_route=\/wp\/v2\/users\/1"}],"replies":[{"embeddable":true,"href":"https:\/\/www.oetternbach.de\/index.php?rest_route=%2Fwp%2Fv2%2Fcomments&post=570"}],"version-history":[{"count":15,"href":"https:\/\/www.oetternbach.de\/index.php?rest_route=\/wp\/v2\/pages\/570\/revisions"}],"predecessor-version":[{"id":2345,"href":"https:\/\/www.oetternbach.de\/index.php?rest_route=\/wp\/v2\/pages\/570\/revisions\/2345"}],"wp:attachment":[{"href":"https:\/\/www.oetternbach.de\/index.php?rest_route=%2Fwp%2Fv2%2Fmedia&parent=570"}],"curies":[{"name":"wp","href":"https:\/\/api.w.org\/{rel}","templated":true}]}}