{"id":792,"date":"2018-10-19T11:44:47","date_gmt":"2018-10-19T11:44:47","guid":{"rendered":"http:\/\/www.oetternbach.de\/?page_id=792"},"modified":"2023-06-13T14:31:06","modified_gmt":"2023-06-13T14:31:06","slug":"klimawandel","status":"publish","type":"page","link":"https:\/\/www.oetternbach.de\/?page_id=792","title":{"rendered":"Klimawandel"},"content":{"rendered":"<h2><span style=\"color: #000000;\"><strong>Klimawandel: Die Erde hat ansteigendes Fieber und wird krank<\/strong><\/span><\/h2>\n<p><span style=\"color: #000000;\">Der Mensch hat eine K\u00f6pertemperatur von etwa 37 Grad. Oberhalb von 39 Grad spricht man von hohem Fieber. Nur zwei Grad h\u00f6her als normal und der Mensch ist krank!<\/span><\/p>\n<p><span style=\"color: #000000;\">Bei der Erde verh\u00e4lt es sich\u00a0\u00e4hnlich: <strong>Mehr als zwei Grad darf die Oberfl\u00e4chentemperatur der Erde nicht ansteigen.<\/strong> Oberhalb von zwei Grad kommt es zu gef\u00e4hrlichen Ver\u00e4nderungen im Wetter- und Klimasystem der Erde und damit zu Problemen:<\/span><\/p>\n<ul>\n<li><span style=\"color: #000000;\">beim Wetter (Hitze und \u00dcberschwemmungen)<\/span><\/li>\n<li><span style=\"color: #000000;\">in der Trinkwasserversorgung (durch D\u00fcrreperioden)<\/span><\/li>\n<li><span style=\"color: #000000;\">in der Nahrungsmittelproduktion (durch \u00dcberschwemmungen und D\u00fcrreperioden)<\/span><\/li>\n<li><span style=\"color: #000000;\">im wirtschaftlichen Fortschritt<\/span><\/li>\n<\/ul>\n<p><span style=\"color: #000000;\">Es gibt 16 sog. Kippelemente, dazu geh\u00f6rt z.B. das Abschmelzen der Dauer-Frostb\u00f6den (Sibirien, Nordkanada, Alaska). Schmelzen die Dauerfrostb\u00f6den ab tauen gefrorene Pflanzenteile auf, dabei werden\u00a0Methan und Kohlendoxid freigesetzt (Treibhausgase, die die Erde weiter erw\u00e4rmen). Treibhausgase sch\u00e4digen die Regenw\u00e4lder, deren Holz gebundenes Treibhausgas ist (B\u00e4ume wandeln Kohlendioxid zu Holz um). Sterbende B\u00e4ume setzen Kohlendioxid frei und so eine unaufhaltsame Erderw\u00e4rmung in Gang.\u00a0Die Klimaerhitzung verselbstst\u00e4ndigt sich und ist nicht mehr zu stoppen, da dieser Teufelskreislauf nicht mehr unterbrochen werden kann.<\/span><\/p>\n<ul>\n<li><span style=\"color: #000000;\">Deshalb muss der <strong>Temperaturanstieg auf 1,5 Grad begrenzt<\/strong> werden (2040 soll die 1,5 Grad Schwelle erreicht sein).<\/span><\/li>\n<li><span style=\"color: #000000;\"><strong>Schaffen wir es nicht den Temperaturanstieg zu begrenzen sind die Folgen verehrend: <\/strong>Flut-Tote, D\u00fcrre, untergegangene Inseln, Hunger, Klimafl\u00fcchtlinge, Krieg um Wasser und sichere Siedlungspl\u00e4tze.<\/span><\/li>\n<\/ul>\n<p><span style=\"color: #000000;\"><strong>2018 <\/strong>hatten wir in NRW einen Anstieg auf <strong>1,1 Grad. Hauptverursacher sind:<\/strong><\/span><\/p>\n<ul>\n<li><span style=\"color: #000000;\">W\u00e4rme- und Hitzeinseln (Gro\u00df-)St\u00e4dten durch verringerten Luftaustausch<\/span><\/li>\n<li><span style=\"color: #000000;\">W\u00e4rmespeicherung in Geb\u00e4uden und Stra\u00dfen<\/span><\/li>\n<li><span style=\"color: #000000;\">W\u00e4rmeabstrahlung durch Industrie und Verkehr<\/span><\/li>\n<\/ul>\n<p><span style=\"color: #000000;\"><strong>Gegenma\u00dfnahmen<\/strong>: Mehr Pflanzen und Wasserfl\u00e4chen, helle Fassaden, weniger Fl\u00e4chenversiegelung.<\/span><\/p>\n<p><span style=\"color: #000000;\">SZ 16.01.2019\u00a0 <strong>&#8222;Auf Geweih und Verderb&#8220; <\/strong>Auswirkungen vom Klimawandel: Schneemassen in den Alpen bedrohen Wildtiere. Hirsche und Gemsen schneien ein.\u00a0Hubert Billiani, Berufsj\u00e4ger in den oberbayerischen Alpen, macht spektakul\u00e4re Fotos und warnt.<\/span><\/p>\n<p><a href=\"https:\/\/www.sueddeutsche.de\/panorama\/wetter-schnee-tiere-1.4290683\">https:\/\/www.sueddeutsche.de\/panorama\/wetter-schnee-tiere-1.4290683<\/a><\/p>\n<p><span style=\"color: #000000;\"><strong>Wir haben den Klimawandel, auch in Lippe<\/strong><\/span><\/p>\n<p><span style=\"color: #000000;\">Spiegel online 24.09.2018 &#8222;Europa: ein Grad w\u00e4rmer&#8220;<\/span><\/p>\n<p><a href=\"http:\/\/www.spiegel.de\/wissenschaft\/natur\/klimawandel-wetter-analyse-fuer-ueber-500-staedte-in-europa-a-1224569.html#ref=nl-dertag\">http:\/\/www.spiegel.de\/wissenschaft\/natur\/klimawandel-wetter-analyse-fuer-ueber-500-staedte-in-europa-a-1224569.html#ref=nl-dertag<\/a><\/p>\n","protected":false},"excerpt":{"rendered":"<p>Klimawandel: Die Erde hat ansteigendes Fieber und wird krank Der Mensch hat eine K\u00f6pertemperatur von etwa 37 Grad. Oberhalb von 39 Grad spricht man von hohem Fieber. Nur zwei Grad h\u00f6her als normal und der Mensch ist krank! Bei der Erde verh\u00e4lt es sich\u00a0\u00e4hnlich: Mehr als zwei Grad darf die Oberfl\u00e4chentemperatur der Erde nicht ansteigen. [&hellip;]<\/p>\n","protected":false},"author":1,"featured_media":0,"parent":0,"menu_order":0,"comment_status":"closed","ping_status":"closed","template":"","meta":[],"_links":{"self":[{"href":"https:\/\/www.oetternbach.de\/index.php?rest_route=\/wp\/v2\/pages\/792"}],"collection":[{"href":"https:\/\/www.oetternbach.de\/index.php?rest_route=\/wp\/v2\/pages"}],"about":[{"href":"https:\/\/www.oetternbach.de\/index.php?rest_route=\/wp\/v2\/types\/page"}],"author":[{"embeddable":true,"href":"https:\/\/www.oetternbach.de\/index.php?rest_route=\/wp\/v2\/users\/1"}],"replies":[{"embeddable":true,"href":"https:\/\/www.oetternbach.de\/index.php?rest_route=%2Fwp%2Fv2%2Fcomments&post=792"}],"version-history":[{"count":6,"href":"https:\/\/www.oetternbach.de\/index.php?rest_route=\/wp\/v2\/pages\/792\/revisions"}],"predecessor-version":[{"id":2257,"href":"https:\/\/www.oetternbach.de\/index.php?rest_route=\/wp\/v2\/pages\/792\/revisions\/2257"}],"wp:attachment":[{"href":"https:\/\/www.oetternbach.de\/index.php?rest_route=%2Fwp%2Fv2%2Fmedia&parent=792"}],"curies":[{"name":"wp","href":"https:\/\/api.w.org\/{rel}","templated":true}]}}