{"id":794,"date":"2018-10-19T11:44:47","date_gmt":"2018-10-19T11:44:47","guid":{"rendered":"http:\/\/www.oetternbach.de\/?page_id=794"},"modified":"2023-06-13T14:31:57","modified_gmt":"2023-06-13T14:31:57","slug":"klimawandel-in-owl","status":"publish","type":"page","link":"https:\/\/www.oetternbach.de\/?page_id=794","title":{"rendered":"Klimawandel in OWL"},"content":{"rendered":"<h2><span style=\"color: #339966;\">Klimaanpassung in Lippe<\/span><\/h2>\n<p>Der\/die eine oder andere nimmt oder nahm das Problem Klimawandel schon vor langer Zeit ernst und wurde aktiv. Hier einige Beispiele.<\/p>\n<p><strong>Naturlandschaft Hummersen.<\/strong> Auf etwa acht Hektar stehen rund 30.000 B\u00e4ume, u.a. sehr exotische aus entfernten L\u00e4ndern, z.B. japanische Zierkirsche, amerikanischer Mammutbaum, Himalaya-Birke, Kuchen- oder Taschentuchbaum. Der Vater von Bernd M\u00fchlenhof hatte die Idee dazu und pflanzte vor \u00fcber 20 Jahren die B\u00e4ume. Nun kann man beobachten, welche Baumart sich wie unter den Bedingungen des Klimawandels entwickelt. Bernd M\u00fchlenhof bietet pers\u00f6nliche F\u00fchrungen \u00fcber das Gel\u00e4nde an.<\/p>\n<p><strong>Schloss Sietencron.<\/strong> Das Schloss wurde 1729 erbaut als Sitz des Ritterguts Sch\u00f6ttmar, heute befindet sich hier die Musikschule der Stadt Bad Salzuflen. Die Geb\u00e4ude und den f\u00fcnf Hektar gro\u00dfen Park \u00fcbernahm die Stadt Sch\u00f6tmar im Jahr 1949. Die Parklandschaft bietet 20 Naturdenkmalen eine Heimat. Zu bestaunen gibt es eine Esskastanie, zwischen 100 bis 150 Jahre alt. Sie kommt aus S\u00fcdeuropa, ist gewappnet gegen Hitze und Trockenheit und damit eine Baumart, die gut f\u00fcr den Klimawandel ger\u00fcstet ist. Hier findet man einen Zimtahorn, dessen Rinde an Zimtstangen erinnert (sehr selten in Lippe), eine Rotbuche, die zu einer Blutbuche veredelt wurde und etwa 150 Jahre alt ist, einen riesigen Urwaldmammutbaum, einen Ginko den Engelbert Kaempfer von seinen Japanreisen mitgebracht hat, einen Blumenhartriegel, der essbare, erdbeerartige Fr\u00fcchte tr\u00e4gt oder mit der Walnuss verwandte Nussb\u00e4ume wie die Schwarznuss oder die Kaukasische Fl\u00fcgelnuss.<\/p>\n<h2><\/h2>\n<h2><span style=\"color: #339966;\"><strong>Wir haben den Klimawandel, auch in Lippe<\/strong><\/span><\/h2>\n<h3><span style=\"color: #000000;\"><strong>Tornado fegt \u00fcber Paderborn<\/strong><\/span><\/h3>\n<p><strong><span style=\"font-size: 1rem;\">20.05.2022<\/span><\/strong><span style=\"font-size: 1rem;\">\u00a0D<\/span><span style=\"font-size: 1rem;\">as Sturmtief Emmelinde\u00a0<\/span><span style=\"font-size: 1rem;\">fegte\u00a0<\/span><span style=\"font-size: 1rem;\">\u00fcber Lippstadt und Paderborn.\u00a0<\/span><span style=\"font-size: 1rem;\">D<\/span><span style=\"font-size: 1rem;\">urch die Stadt Paderborn zog sich e<\/span><span style=\"font-size: 1rem;\">in\u00a0<\/span><span style=\"font-size: 1rem;\">Korridor,<\/span><span style=\"font-size: 1rem;\"><strong>\u00a0<\/strong><\/span><span style=\"font-size: 1rem;\">300 Meter breit,<\/span><span style=\"font-size: 1rem;\">\u00a0<\/span><span style=\"font-size: 1rem;\">\u00fcber f\u00fcnf Kilometer lang,<\/span><span style=\"font-size: 1rem;\">\u00a0<\/span><span style=\"font-size: 1rem;\">von West nach Ost. M<\/span><span style=\"font-size: 1rem;\">itten in der Stadt\u00a0<\/span><span style=\"font-size: 1rem;\">entstanden unz\u00e4hlige Sachsch\u00e4den, r<\/span><span style=\"font-size: 1rem;\">und 40 Personen wurden verletzt.<\/span><span style=\"font-size: 1rem;\">\u00a0<\/span><a style=\"font-size: 1rem;\" href=\"https:\/\/www.bing.com\/videos\/search?q=paderborn+tornado&amp;docid=20701179161940&amp;mid=FCC92BDD427C6C6B2922FCC92BDD427C6C6B2922&amp;view=detail&amp;FORM=VIRE\">Mehr<\/a><span style=\"font-size: 1rem;\"> f\u00fcr alle in OWL, die noch nicht an den Klimawandel glauben und ihn negieren.<\/span><\/p>\n<h3><\/h3>\n<h3>Spiegel online 24.09.2018 &#8222;Europa: ein Grad w\u00e4rmer&#8220;<\/h3>\n<p><a href=\"http:\/\/www.spiegel.de\/wissenschaft\/natur\/klimawandel-wetter-analyse-fuer-ueber-500-staedte-in-europa-a-1224569.html#ref=nl-dertag\">http:\/\/www.spiegel.de\/wissenschaft\/natur\/klimawandel-wetter-analyse-fuer-ueber-500-staedte-in-europa-a-1224569.html#ref=nl-dertag<\/a><\/p>\n<p>In ganz Europa sind die Temperaturen \u00fcber die vergangenen Jahrzehnte angestiegen. Die Werte sind mit Vorsicht zu interpretieren: Sie gelten nicht etwa f\u00fcr das jeweilige Stadtzentrum, sondern f\u00fcr gr\u00f6\u00dfere Gebiete, innerhalb derer die St\u00e4dte liegen. Einen besonders starken Anstieg zeigen die Daten entlang der Ostseek\u00fcste: In den untersuchten Gebieten rund um Stralsund, Rostock und Greifswald legte die Durchschnittstemperatur im bisherigen 21. Jahrhundert gegen\u00fcber dem 20. Jahrhundert demnach um rund 1,3 Grad zu. Rund um Schwerin, Flensburg, Kiel und Neum\u00fcnster lag der Anstieg bei rund 1,2 Grad. Entlang der Ostseek\u00fcste ragen die untersuchten Gebiete teilweise ins Meer hinein, was die berechnete Temperaturver\u00e4nderung verst\u00e4rkt. Klimaforscher beobachten schon l\u00e4nger, dass sich die <strong>Ostsee<\/strong> \u00fcberdurchschnittlich <strong>stark erw\u00e4rmt<\/strong>. Enth\u00e4lt ein untersuchtes Gebiet viel Meeresfl\u00e4che, f\u00e4llt der berechnete Temperaturanstieg daher besonders stark aus.<\/p>\n<p>F\u00fcr die Analyse wurden Daten des <a href=\"https:\/\/www.ecmwf.int\/\">Europ\u00e4ischen Zentrums f\u00fcr mittelfristige Wettervorhersage<\/a> (EZMW) genutzt. Es handelt sich um den Datensatz ERA-20C f\u00fcr den Zeitraum von 1900 bis 1979, und um den Datensatz ERA-interim f\u00fcr den Zeitraum von 1979 bis 2017.<\/p>\n<p><span style=\"color: #ff6600;\"><strong>Paderborn<\/strong><\/span><\/p>\n<p>Die Durchschnittstemperatur in Paderborn und Umgebung ist gestiegen von <strong>8,5 \u00b0C<\/strong> zw. den Jahren 1900 und 1999 auf <strong>9,6 \u00b0C<\/strong> zw. den Jahren 2000 und 2017. Die w\u00e4rmsten Jahre waren 2014, 2007, 2015, 2011 und 2000. Im Gebiet um Paderborn lag die Temperatur in den Jahren 2000 bis 2017 um <span style=\"color: #ff6600;\"><strong>1,1 \u00b0C<\/strong><strong> \u00fcber dem Durchschnitt<\/strong> <\/span>des 20. Jahrhunderts.<\/p>\n<p><span style=\"color: #ff6600;\"><strong>Bielefeld<\/strong><\/span> (ist w\u00e4rmer als Paderborn), Detmold liegt rund 30 km entfernt<\/p>\n<p>Die Durchschnittstemperatur in Bielefeld und Umgebung ist gestiegen von <strong>8,7 \u00b0C<\/strong> zw. den Jahren 1900 und 1999 auf <strong>9,8 \u00b0C<\/strong> zw. den Jahren 2000 und 2017. Die w\u00e4rmsten Jahre waren 2014, 2007, 2011, 2015 und 2006. Im Gebiet um Bielefeld lag die Temperatur in den Jahren 2000 bis 2017 um <span style=\"color: #ff6600;\"><strong>1,1 \u00b0C<\/strong><strong> \u00fcber dem Durchschnitt<\/strong> <\/span>des 20. Jahrhunderts.<\/p>\n<p><strong>Dortmund<\/strong> (und M\u00fcnster)<\/p>\n<p><em>Gilt auch f\u00fcr M\u00fcnster. (Die Auswertung basiert auf einem Rastermodell, bei dem Temperaturtrends f\u00fcr Fl\u00e4chen von etwa 80 mal 80 Kilometern berechnet werden. Dabei kommt es vor, dass mehrere Orte in der selben Rasterzelle liegen.)<\/em><\/p>\n<p>Die Durchschnittstemperatur in Dortmund und Umgebung ist gestiegen von <strong>9,2 \u00b0C<\/strong> zw. den Jahren 1900 und 1999 auf <strong>10,2 \u00b0C<\/strong> zw. den Jahren 2000 und 2017. Die w\u00e4rmsten Jahre waren 2014, 2007, 2006, 2011 und 2017. Im Gebiet um Dortmund lag die Temperatur in den Jahren 2000 bis 2017 um <strong>1,0 \u00b0C<\/strong><strong> \u00fcber dem Durchschnitt<\/strong> des 20. Jahrhunderts.<\/p>\n<p><strong>K\u00f6ln<\/strong> (Bonn und D\u00fcsseldorf)<\/p>\n<p><em>(Die Auswertung basiert auf einem Rastermodell, bei dem Temperaturtrends f\u00fcr Fl\u00e4chen von etwa 80 mal 80 Kilometern berechnet werden. Dabei kommt es vor, dass mehrere Orte in der selben Rasterzelle liegen.)<\/em><\/p>\n<p>Die Durchschnittstemperatur in K\u00f6ln und Umgebung ist gestiegen von <strong>9,2 \u00b0C<\/strong> zw. den Jahren 1900 und 1999 auf <strong>10,2 \u00b0C<\/strong> zw. den Jahren 2000 und 2017. Die w\u00e4rmsten Jahre waren 2014, 2011, 2017, 2015 und 2007. m Gebiet um K\u00f6ln lag die Temperatur in den Jahren 2000 bis 2017 um <strong>0,9 \u00b0C<\/strong><strong> \u00fcber dem Durchschnitt<\/strong> des 20. Jahrhunderts.<\/p>\n<h3><span style=\"color: #808080;\">Vergleichswerte aus anderen Bundesl\u00e4ndern:<\/span><\/h3>\n<p>Hannover<\/p>\n<p>Die Durchschnittstemperatur in Hannover und Umgebung ist gestiegen von <strong>8,9 \u00b0C<\/strong> zw. den Jahren 1900 und 1999 auf <strong>10,0 \u00b0C<\/strong> zw. den Jahren 2000 und 2017. Die w\u00e4rmsten Jahre waren 2014, 2007, 2015, 2006 und 2000. m Gebiet um Hannover lag die Temperatur in den Jahren 2000 bis 2017 um <strong>1,1 \u00b0C<\/strong><strong> \u00fcber dem Durchschnitt<\/strong> des 20. Jahrhunderts.<\/p>\n<p>Hamburg<\/p>\n<p>Die Durchschnittstemperatur in Hamburg und Umgebung ist gestiegen von <strong>8,9 \u00b0C<\/strong> zw. den Jahren 1900 und 1999 auf <strong>9,9 \u00b0C<\/strong> zw. den Jahren 2000 und 2017. Die w\u00e4rmsten Jahre waren 2014, 2007, 2006, 1934 und 2015. Im Gebiet um Hamburg lag die Temperatur in den Jahren 2000 bis 2017 um <strong>1,0 \u00b0C<\/strong><strong> \u00fcber dem Durchschnitt<\/strong> des 20. Jahrhunderts.<\/p>\n<p>M\u00fcnchen<\/p>\n<p>Die Durchschnittstemperatur in M\u00fcnchen und Umgebung ist gestiegen von <strong>7,4 \u00b0C<\/strong> zw.den Jahren 1900 und 1999 auf <strong>8,3 \u00b0C<\/strong> zw. den Jahren 2000 und 2017. Im Gebiet um M\u00fcnchen lag die Temperatur in den Jahren 2000 bis 2017 um <strong>0,9 \u00b0C<\/strong><strong> \u00fcber dem Durchschnitt<\/strong> des 20. Jahrhunderts.<\/p>\n","protected":false},"excerpt":{"rendered":"<p>Klimaanpassung in Lippe Der\/die eine oder andere nimmt oder nahm das Problem Klimawandel schon vor langer Zeit ernst und wurde aktiv. Hier einige Beispiele. Naturlandschaft Hummersen. Auf etwa acht Hektar stehen rund 30.000 B\u00e4ume, u.a. sehr exotische aus entfernten L\u00e4ndern, z.B. japanische Zierkirsche, amerikanischer Mammutbaum, Himalaya-Birke, Kuchen- oder Taschentuchbaum. Der Vater von Bernd M\u00fchlenhof hatte [&hellip;]<\/p>\n","protected":false},"author":1,"featured_media":0,"parent":0,"menu_order":0,"comment_status":"closed","ping_status":"closed","template":"","meta":[],"_links":{"self":[{"href":"https:\/\/www.oetternbach.de\/index.php?rest_route=\/wp\/v2\/pages\/794"}],"collection":[{"href":"https:\/\/www.oetternbach.de\/index.php?rest_route=\/wp\/v2\/pages"}],"about":[{"href":"https:\/\/www.oetternbach.de\/index.php?rest_route=\/wp\/v2\/types\/page"}],"author":[{"embeddable":true,"href":"https:\/\/www.oetternbach.de\/index.php?rest_route=\/wp\/v2\/users\/1"}],"replies":[{"embeddable":true,"href":"https:\/\/www.oetternbach.de\/index.php?rest_route=%2Fwp%2Fv2%2Fcomments&post=794"}],"version-history":[{"count":5,"href":"https:\/\/www.oetternbach.de\/index.php?rest_route=\/wp\/v2\/pages\/794\/revisions"}],"predecessor-version":[{"id":2258,"href":"https:\/\/www.oetternbach.de\/index.php?rest_route=\/wp\/v2\/pages\/794\/revisions\/2258"}],"wp:attachment":[{"href":"https:\/\/www.oetternbach.de\/index.php?rest_route=%2Fwp%2Fv2%2Fmedia&parent=794"}],"curies":[{"name":"wp","href":"https:\/\/api.w.org\/{rel}","templated":true}]}}