{"id":795,"date":"2018-10-19T11:44:47","date_gmt":"2018-10-19T11:44:47","guid":{"rendered":"http:\/\/www.oetternbach.de\/?page_id=795"},"modified":"2019-11-06T13:31:19","modified_gmt":"2019-11-06T13:31:19","slug":"klimawandel-weltweit","status":"publish","type":"page","link":"https:\/\/www.oetternbach.de\/?page_id=795","title":{"rendered":"Klimawandel weltweit"},"content":{"rendered":"<h2><span style=\"color: #000000;\">Klimawandel: Insektensterben auch im Regenwald<\/span><\/h2>\n<p><span style=\"color: #000000;\">15.10.2018 Zwei amerikanische Biologen, Bradford Lister und\u00a0 Andres Garcia, haben einen dramatischen Schwund von Insekten , Spinnen und anderen Gliederf\u00fc\u00dflern in einem <strong>Regenwald von Puerto Rico<\/strong> nachgewiesen. Durch den Insektenschwund wurden auch V\u00f6gel, Fr\u00f6sche und Echsen stark dezimiert. Lister hatte <strong>1977<\/strong> die Artenvielfalt im El-Yunque-Nationalforst im Osten von Puerto Rico dokumentiert. <strong>2012<\/strong> kam er mit Garcia dorthin zur\u00fcck um eine Bestandsaufnahme zu machen und die Ergebnisse mit denen aus 1977 zu vergleichen. Schon beim Betreten nahm er Ver\u00e4nderungen wahr, weniger V\u00f6gel und Schmetterlinge folgen umher.<\/span><\/p>\n<p><span style=\"color: #000000;\">Mit Klebefallen und Netzen bestimmten sie die Biomasse (das Trockengewicht) ihres Fangs, wie es Lister vor 35 Jahren auch gemacht hatte. Das <strong>Ergebnis<\/strong> erschreckt: Mit den <strong>Netzen<\/strong> fingen die Biologen <strong>vier bis achtmal weniger als in den 70er Jahren<\/strong>. In den <strong>Klebefallen blieb sogar 30 bis 60 Mal weniger<\/strong> h\u00e4ngen. Der R\u00fcckgang von Insekten hat den <strong>synchronen R\u00fcckgang von Echsen, Fr\u00f6schen und V\u00f6geln zur Folge<\/strong>, alles Tiere die von Insekten leben. Beispielsweise seien die Saumfingerechsen\u00a0 im Vergleich zu 1977 um 30% zur\u00fcckgegangen.<\/span><\/p>\n<p><span style=\"color: #000000;\">Die Ursache f\u00fcr den Insektenr\u00fcckgang ist unklar. Pestizide sind unwahrscheinlich. Die Biologen vermuten den <strong>Klimawandel als Ursache<\/strong>: Im Untersuchungszeitraum ist die durchschnittliche H\u00f6chsttemperatur im El-Yunque-Regenwald um zwei Grad Celsius angestiegen. Gliedertiere k\u00f6nnen ihre K\u00f6rpertemperatur nicht selber regulieren. Wahrscheinlich versagt bei hei\u00dfen Temperaturen der Stoffwechsel, die Tiere sterben (ah).<\/span><\/p>\n<p><span style=\"color: #000000;\">Fachzeitschrift PNSA: <span class=\"highwire-cite-metadata-journal highwire-cite-metadata\">PNAS<\/span> <span class=\"highwire-cite-metadata-papdate highwire-cite-metadata\">ver\u00f6ffentlicht vor Druck am 15. Okt. 2018<\/span><\/span> <span class=\"highwire-cite-metadata-doi highwire-cite-metadata\"><a href=\"https:\/\/translate.googleusercontent.com\/translate_c?depth=1&amp;hl=de&amp;prev=search&amp;rurl=translate.google.de&amp;sl=en&amp;sp=nmt4&amp;u=https:\/\/doi.org\/10.1073\/pnas.1722477115&amp;xid=17259,1500004,15700021,15700124,15700149,15700186,15700190,15700201,15700214&amp;usg=ALkJrhguGfKDb5Zzes7r97nMqxLpdDYV3A\">https:\/\/doi.org\/10.1073\/pnas.1722477115<\/a><\/span><\/p>\n","protected":false},"excerpt":{"rendered":"<p>Klimawandel: Insektensterben auch im Regenwald 15.10.2018 Zwei amerikanische Biologen, Bradford Lister und\u00a0 Andres Garcia, haben einen dramatischen Schwund von Insekten , Spinnen und anderen Gliederf\u00fc\u00dflern in einem Regenwald von Puerto Rico nachgewiesen. Durch den Insektenschwund wurden auch V\u00f6gel, Fr\u00f6sche und Echsen stark dezimiert. Lister hatte 1977 die Artenvielfalt im El-Yunque-Nationalforst im Osten von Puerto Rico [&hellip;]<\/p>\n","protected":false},"author":1,"featured_media":0,"parent":0,"menu_order":0,"comment_status":"closed","ping_status":"closed","template":"","meta":[],"_links":{"self":[{"href":"https:\/\/www.oetternbach.de\/index.php?rest_route=\/wp\/v2\/pages\/795"}],"collection":[{"href":"https:\/\/www.oetternbach.de\/index.php?rest_route=\/wp\/v2\/pages"}],"about":[{"href":"https:\/\/www.oetternbach.de\/index.php?rest_route=\/wp\/v2\/types\/page"}],"author":[{"embeddable":true,"href":"https:\/\/www.oetternbach.de\/index.php?rest_route=\/wp\/v2\/users\/1"}],"replies":[{"embeddable":true,"href":"https:\/\/www.oetternbach.de\/index.php?rest_route=%2Fwp%2Fv2%2Fcomments&post=795"}],"version-history":[{"count":5,"href":"https:\/\/www.oetternbach.de\/index.php?rest_route=\/wp\/v2\/pages\/795\/revisions"}],"predecessor-version":[{"id":1444,"href":"https:\/\/www.oetternbach.de\/index.php?rest_route=\/wp\/v2\/pages\/795\/revisions\/1444"}],"wp:attachment":[{"href":"https:\/\/www.oetternbach.de\/index.php?rest_route=%2Fwp%2Fv2%2Fmedia&parent=795"}],"curies":[{"name":"wp","href":"https:\/\/api.w.org\/{rel}","templated":true}]}}